{"id":16,"date":"2021-06-03T10:38:43","date_gmt":"2021-06-03T09:38:43","guid":{"rendered":"https:\/\/academyofvisioncare.com\/de\/?page_id=16"},"modified":"2025-11-18T14:50:04","modified_gmt":"2025-11-18T14:50:04","slug":"sign-up","status":"publish","type":"page","link":"https:\/\/academyofvisioncare.com\/de\/sign-up\/","title":{"rendered":"Werde mitglied der akademy of vision care"},"content":{"rendered":"<div id=\"cs-content\" class=\"cs-content\"><\/div>\n","protected":false},"excerpt":{"rendered":"<p>WERDE MITGLIED DER bAUSCH + lOMB ACADEMY OF VISION CARE Vorname* Nachname* E-mail* Beruf* Keine ausgew\u00e4hltOptometristOphthalmologeOptiker GeselleOptikermeisterStudentAuszubildenderAusbilder\/DozentEigent\u00fcmer Name des Unternehmens* Land* W\u00e4hle ein Land ausAfghanistan\u00c5landinselnAlbanienAlgerienAmerikanisch-SamoaAndorraAngolaAnguillaAntarktikaAntigua und BarbudaArgentinienArmenienArubaAustralien\u00d6sterreichAserbaidschanBahamasBahrainBangladeschBarbadosWei\u00dfrusslandBelgienBelizeBeninBermudaBhutanBolivienBonaire, Saint Eustatius and SabaBosnien und HerzegowinaBotswanaBouvetinselBrasilienBritisches Territorium im Indischen OzeanBritische JungferninselnBruneiBulgarienBurkina FasoBurundiKambodschaKamerunKanadaKap VerdeKaimaninselnZentralafrikanische RepublikTschadChileChinaWeihnachtsinselKokosinseln (Keelinginseln)KolumbienKomorenCookinselnCosta RicaKroatienKubaCura\u00e7aoZypernTschechienDemokratische Republik KongoD\u00e4nemarkDschibutiDominicaDominikanische RepublikOsttimorEcuador\u00c4gyptenEl Salvador\u00c4quatorialguineaEritreaEstland\u00c4thiopienFalklandinselnF\u00e4r\u00f6er-InselnFidschiFinnlandFrankreichFranz\u00f6sisch-GuayanaFranz\u00f6sisch-PolynesienFranz\u00f6sische S\u00fcd- und AntarktisgebieteGabunGambiaGeorgienDeutschlandGhanaGibraltarGriechenlandGr\u00f6nlandGrenadaGuadeloupeGuamGuatemalaGuernseyGuineaGuinea-BissauGuyanaHaitiHeardinseln und McDonaldinselnHondurasHongkongUngarnIslandIndienIndonesienIranIrakIrlandIsle of ManIsraelItalienElfenbeink\u00fcsteJamaikaJapanJerseyJordanienKasachstanKeniaKiribatiKosovoKuwaitKirgisistanLaosLettlandLibanonLesothoLiberiaLibyenLiechtensteinLitauenLuxemburgMacauNordmazedonienMadagaskarMalawiMalaysiaMaledivenMaliMaltaMarshall-InselnMartiniqueMauretanienMauritiusMayotteMexikoMikronesienMoldawienMonacoMongoleiMontenegroMontserratMarokkoMosambikMyanmarNamibiaNauruNepalNiederlandeNeukaledonienNeuseelandNicaraguaNigerNigeriaNiueNorfolkinselNordkoreaN\u00f6rdliche MarianenNorwegenOmanPakistanPalauPal\u00e4stinensische AutonomiegebietePanamaPapua Neu GuineaParaguayPeruPhilippinenPitcairninselnPolenPortugalPuerto RicoKatarRepublik KongoR\u00e9unionRum\u00e4nienRusslandRuandaSaint-Barth\u00e9lemySaint &#8230;<\/p>\n","protected":false},"author":3,"featured_media":3070,"parent":0,"menu_order":0,"comment_status":"closed","ping_status":"closed","template":"","meta":{"_acf_changed":false,"inline_featured_image":false,"_themeisle_gutenberg_block_has_review":false,"footnotes":""},"class_list":["post-16","page","type-page","status-publish","has-post-thumbnail","hentry"],"acf":[],"_links":{"self":[{"href":"https:\/\/academyofvisioncare.com\/de\/wp-json\/wp\/v2\/pages\/16","targetHints":{"allow":["GET"]}}],"collection":[{"href":"https:\/\/academyofvisioncare.com\/de\/wp-json\/wp\/v2\/pages"}],"about":[{"href":"https:\/\/academyofvisioncare.com\/de\/wp-json\/wp\/v2\/types\/page"}],"author":[{"embeddable":true,"href":"https:\/\/academyofvisioncare.com\/de\/wp-json\/wp\/v2\/users\/3"}],"replies":[{"embeddable":true,"href":"https:\/\/academyofvisioncare.com\/de\/wp-json\/wp\/v2\/comments?post=16"}],"version-history":[{"count":15,"href":"https:\/\/academyofvisioncare.com\/de\/wp-json\/wp\/v2\/pages\/16\/revisions"}],"predecessor-version":[{"id":2849,"href":"https:\/\/academyofvisioncare.com\/de\/wp-json\/wp\/v2\/pages\/16\/revisions\/2849"}],"wp:featuredmedia":[{"embeddable":true,"href":"https:\/\/academyofvisioncare.com\/de\/wp-json\/wp\/v2\/media\/3070"}],"wp:attachment":[{"href":"https:\/\/academyofvisioncare.com\/de\/wp-json\/wp\/v2\/media?parent=16"}],"curies":[{"name":"wp","href":"https:\/\/api.w.org\/{rel}","templated":true}]}}