{"id":16,"date":"2021-06-03T10:38:43","date_gmt":"2021-06-03T09:38:43","guid":{"rendered":"https:\/\/academyofvisioncare.com\/es\/?page_id=16"},"modified":"2025-10-21T09:56:20","modified_gmt":"2025-10-21T08:56:20","slug":"sign-up","status":"publish","type":"page","link":"https:\/\/academyofvisioncare.com\/es\/sign-up\/","title":{"rendered":"\u00danase a la academia de vision care"},"content":{"rendered":"<div id=\"cs-content\" class=\"cs-content\"><div class=\"x-section e16-e1 mg-0\"><div class=\"x-row e16-e2 mg-1 mg-2 mg-4 mg-5\"><div class=\"x-row-inner\"><div class=\"x-col e16-e3 mg-7 mg-8 mg-9\"><div class=\"x-text x-text-headline e16-e4 mg-b\"><div class=\"x-text-content\"><div class=\"x-text-content-text\"><h1 class=\"x-text-content-text-primary\">&Uacute;nase a la academy of vision care<\/h1><\/div><\/div><\/div><\/div><div class=\"x-col e16-e5 mg-7 mg-8\"><hr class=\"x-line e16-e6 mg-c\"\/><div class=\"x-text x-content e16-e7 mg-d\"><\/div><\/div><\/div><\/div><div class=\"x-row e16-e8 mg-1 mg-3 mg-4 mg-6\"><div class=\"x-row-inner\"><div class=\"x-col e16-e9 mg-7 mg-a\">        <form enctype=\"multipart\/form-data\" method=\"post\" id=\"wppb-register-user-reg-form\" class=\"wppb-user-forms wppb-register-user wppb-user-logged-out\" action=\"https:\/\/academyofvisioncare.com\/es\/wp-json\/wp\/v2\/pages\/16\">\n\t\t\t<ul><li class=\"wppb-form-field wppb-default-first-name\" id=\"wppb-form-element-3\">\n\t\t\t<label for=\"first_name\">Nombre<span class=\"wppb-required\" title=\"This field is required\">*<\/span><\/label>\n\t\t\t<input class=\"text-input default_field_firstname \" name=\"first_name\" maxlength=\"70\" type=\"text\" id=\"first_name\" value=\"\"  \/><\/li><li class=\"wppb-form-field wppb-default-last-name\" id=\"wppb-form-element-4\">\n\t\t\t<label for=\"last_name\">Apellido<span class=\"wppb-required\" title=\"This field is required\">*<\/span><\/label>\n\t\t\t<input class=\"text-input default_field_lastname \" name=\"last_name\" maxlength=\"70\" type=\"text\" id=\"last_name\" value=\"\" \/><\/li><li class=\"wppb-form-field wppb-default-e-mail\" id=\"wppb-form-element-8\">\n\t\t\t<label for=\"email\">E-mail<span class=\"wppb-required\" title=\"This field is required\">*<\/span><\/label>\n\t\t\t<input class=\"text-input default_field_email \" name=\"email\" maxlength=\"70\" type=\"email\" id=\"email\" value=\"\"   \/><\/li><li class=\"wppb-form-field wppb-select\" id=\"wppb-form-element-14\">\n\t\t\t\t<label for=\"profession\">Profesi\u00f3n<span class=\"wppb-required\" title=\"This field is required\">*<\/span><\/label>\n\t\t\t\t<select name=\"profession\" id=\"profession\" class=\"custom_field_select\" ><option value=\"\" class=\"custom_field_select_option \"  selected>Ninguno seleccionado<\/option><option value=\"1\" class=\"custom_field_select_option \" >Optometrista<\/option><option value=\"2\" class=\"custom_field_select_option \" >\u00d3ptico-optometrista<\/option><option value=\"3\" class=\"custom_field_select_option \" >Oftalm\u00f3logo<\/option><option value=\"4\" class=\"custom_field_select_option \" >Estudiante<\/option><option value=\"5\" class=\"custom_field_select_option \" >Auxiliar<\/option><option value=\"6\" class=\"custom_field_select_option \" >Director<\/option><option value=\"7\" class=\"custom_field_select_option \" >Otro profesional de la visi\u00f3n<\/option>\n\t\t\t\t<\/select><\/li><li class=\"wppb-form-field wppb-input\" id=\"wppb-form-element-15\">\n\t\t\t\t<label for=\"professional_number\">N\u00famero de colegiado<\/label>\n\t\t\t\t<input class=\"extra_field_input \" name=\"professional_number\" maxlength=\"250\" type=\"text\" id=\"professional_number\" value=\"\" \/><\/li><li class=\"wppb-form-field wppb-input\" id=\"wppb-form-element-16\">\n\t\t\t\t<label for=\"practice_name\">Nombre de la consulta<span class=\"wppb-required\" title=\"This field is required\">*<\/span><\/label>\n\t\t\t\t<input class=\"extra_field_input \" name=\"practice_name\" maxlength=\"250\" type=\"text\" id=\"practice_name\" value=\"\" \/><\/li><li class=\"wppb-form-field wppb-select-country\" id=\"wppb-form-element-35\">\n\t\t\t\t<label for=\"custom_field_1\">Pa\u00eds<span class=\"wppb-required\" title=\"This field is required\">*<\/span><\/label>\n\t\t\t\t<select name=\"custom_field_1\" id=\"custom_field_1\" class=\"custom_field_country_select \" ><option value=\"\">Select a Country<\/option><option value=\"AF\">Afghanistan<\/option><option value=\"AX\">Aland Islands<\/option><option value=\"AL\">Albania<\/option><option value=\"DZ\">Algeria<\/option><option value=\"AS\">American Samoa<\/option><option value=\"AD\">Andorra<\/option><option value=\"AO\">Angola<\/option><option value=\"AI\">Anguilla<\/option><option value=\"AQ\">Antarctica<\/option><option value=\"AG\">Antigua and Barbuda<\/option><option value=\"AR\">Argentina<\/option><option value=\"AM\">Armenia<\/option><option value=\"AW\">Aruba<\/option><option value=\"AU\">Australia<\/option><option value=\"AT\">Austria<\/option><option value=\"AZ\">Azerbaijan<\/option><option value=\"BS\">Bahamas<\/option><option value=\"BH\">Bahrain<\/option><option value=\"BD\">Bangladesh<\/option><option value=\"BB\">Barbados<\/option><option value=\"BY\">Belarus<\/option><option value=\"BE\">Belgium<\/option><option value=\"BZ\">Belize<\/option><option value=\"BJ\">Benin<\/option><option value=\"BM\">Bermuda<\/option><option value=\"BT\">Bhutan<\/option><option value=\"BO\">Bolivia<\/option><option value=\"BQ\">Bonaire, Saint Eustatius and Saba<\/option><option value=\"BA\">Bosnia and Herzegovina<\/option><option value=\"BW\">Botswana<\/option><option value=\"BV\">Bouvet Island<\/option><option value=\"BR\">Brazil<\/option><option value=\"IO\">British Indian Ocean Territory<\/option><option value=\"VG\">British Virgin Islands<\/option><option value=\"BN\">Brunei<\/option><option value=\"BG\">Bulgaria<\/option><option value=\"BF\">Burkina Faso<\/option><option value=\"BI\">Burundi<\/option><option value=\"KH\">Cambodia<\/option><option value=\"CM\">Cameroon<\/option><option value=\"CA\">Canada<\/option><option value=\"CV\">Cape Verde<\/option><option value=\"KY\">Cayman Islands<\/option><option value=\"CF\">Central African Republic<\/option><option value=\"TD\">Chad<\/option><option value=\"CL\">Chile<\/option><option value=\"CN\">China<\/option><option value=\"CX\">Christmas Island<\/option><option value=\"CC\">Cocos Islands<\/option><option value=\"CO\">Colombia<\/option><option value=\"KM\">Comoros<\/option><option value=\"CK\">Cook Islands<\/option><option value=\"CR\">Costa Rica<\/option><option value=\"HR\">Croatia<\/option><option value=\"CU\">Cuba<\/option><option value=\"CW\">Curacao<\/option><option value=\"CY\">Cyprus<\/option><option value=\"CZ\">Czech Republic<\/option><option value=\"CD\">Democratic Republic of the Congo<\/option><option value=\"DK\">Denmark<\/option><option value=\"DJ\">Djibouti<\/option><option value=\"DM\">Dominica<\/option><option value=\"DO\">Dominican Republic<\/option><option value=\"TL\">East Timor<\/option><option value=\"EC\">Ecuador<\/option><option value=\"EG\">Egypt<\/option><option value=\"SV\">El Salvador<\/option><option value=\"GQ\">Equatorial Guinea<\/option><option value=\"ER\">Eritrea<\/option><option value=\"EE\">Estonia<\/option><option value=\"ET\">Ethiopia<\/option><option value=\"FK\">Falkland Islands<\/option><option value=\"FO\">Faroe Islands<\/option><option value=\"FJ\">Fiji<\/option><option value=\"FI\">Finland<\/option><option value=\"FR\">France<\/option><option value=\"GF\">French Guiana<\/option><option value=\"PF\">French Polynesia<\/option><option value=\"TF\">French Southern Territories<\/option><option value=\"GA\">Gabon<\/option><option value=\"GM\">Gambia<\/option><option value=\"GE\">Georgia<\/option><option value=\"DE\">Germany<\/option><option value=\"GH\">Ghana<\/option><option value=\"GI\">Gibraltar<\/option><option value=\"GR\">Greece<\/option><option value=\"GL\">Greenland<\/option><option value=\"GD\">Grenada<\/option><option value=\"GP\">Guadeloupe<\/option><option value=\"GU\">Guam<\/option><option value=\"GT\">Guatemala<\/option><option value=\"GG\">Guernsey<\/option><option value=\"GN\">Guinea<\/option><option value=\"GW\">Guinea-Bissau<\/option><option value=\"GY\">Guyana<\/option><option value=\"HT\">Haiti<\/option><option value=\"HM\">Heard Island and McDonald Islands<\/option><option value=\"HN\">Honduras<\/option><option value=\"HK\">Hong Kong<\/option><option value=\"HU\">Hungary<\/option><option value=\"IS\">Iceland<\/option><option value=\"IN\">India<\/option><option value=\"ID\">Indonesia<\/option><option value=\"IR\">Iran<\/option><option value=\"IQ\">Iraq<\/option><option value=\"IE\">Ireland<\/option><option value=\"IM\">Isle of Man<\/option><option value=\"IL\">Israel<\/option><option value=\"IT\">Italy<\/option><option value=\"CI\">Ivory Coast<\/option><option value=\"JM\">Jamaica<\/option><option value=\"JP\">Japan<\/option><option value=\"JE\">Jersey<\/option><option value=\"JO\">Jordan<\/option><option value=\"KZ\">Kazakhstan<\/option><option value=\"KE\">Kenya<\/option><option value=\"KI\">Kiribati<\/option><option value=\"XK\">Kosovo<\/option><option value=\"KW\">Kuwait<\/option><option value=\"KG\">Kyrgyzstan<\/option><option value=\"LA\">Laos<\/option><option value=\"LV\">Latvia<\/option><option value=\"LB\">Lebanon<\/option><option value=\"LS\">Lesotho<\/option><option value=\"LR\">Liberia<\/option><option value=\"LY\">Libya<\/option><option value=\"LI\">Liechtenstein<\/option><option value=\"LT\">Lithuania<\/option><option value=\"LU\">Luxembourg<\/option><option value=\"MO\">Macao<\/option><option value=\"MK\">Macedonia<\/option><option value=\"MG\">Madagascar<\/option><option value=\"MW\">Malawi<\/option><option value=\"MY\">Malaysia<\/option><option value=\"MV\">Maldives<\/option><option value=\"ML\">Mali<\/option><option value=\"MT\">Malta<\/option><option value=\"MH\">Marshall Islands<\/option><option value=\"MQ\">Martinique<\/option><option value=\"MR\">Mauritania<\/option><option value=\"MU\">Mauritius<\/option><option value=\"YT\">Mayotte<\/option><option value=\"MX\">Mexico<\/option><option value=\"FM\">Micronesia<\/option><option value=\"MD\">Moldova<\/option><option value=\"MC\">Monaco<\/option><option value=\"MN\">Mongolia<\/option><option value=\"ME\">Montenegro<\/option><option value=\"MS\">Montserrat<\/option><option value=\"MA\">Morocco<\/option><option value=\"MZ\">Mozambique<\/option><option value=\"MM\">Myanmar<\/option><option value=\"NA\">Namibia<\/option><option value=\"NR\">Nauru<\/option><option value=\"NP\">Nepal<\/option><option value=\"NL\">Netherlands<\/option><option value=\"NC\">New Caledonia<\/option><option value=\"NZ\">New Zealand<\/option><option value=\"NI\">Nicaragua<\/option><option value=\"NE\">Niger<\/option><option value=\"NG\">Nigeria<\/option><option value=\"NU\">Niue<\/option><option value=\"NF\">Norfolk Island<\/option><option value=\"KP\">North Korea<\/option><option value=\"MP\">Northern Mariana Islands<\/option><option value=\"NO\">Norway<\/option><option value=\"OM\">Oman<\/option><option value=\"PK\">Pakistan<\/option><option value=\"PW\">Palau<\/option><option value=\"PS\">Palestinian Territory<\/option><option value=\"PA\">Panama<\/option><option value=\"PG\">Papua New Guinea<\/option><option value=\"PY\">Paraguay<\/option><option value=\"PE\">Peru<\/option><option value=\"PH\">Philippines<\/option><option value=\"PN\">Pitcairn<\/option><option value=\"PL\">Poland<\/option><option value=\"PT\">Portugal<\/option><option value=\"PR\">Puerto Rico<\/option><option value=\"QA\">Qatar<\/option><option value=\"CG\">Republic of the Congo<\/option><option value=\"RE\">Reunion<\/option><option value=\"RO\">Romania<\/option><option value=\"RU\">Russia<\/option><option value=\"RW\">Rwanda<\/option><option value=\"BL\">Saint Barthelemy<\/option><option value=\"SH\">Saint Helena<\/option><option value=\"KN\">Saint Kitts and Nevis<\/option><option value=\"LC\">Saint Lucia<\/option><option value=\"MF\">Saint Martin<\/option><option value=\"PM\">Saint Pierre and Miquelon<\/option><option value=\"VC\">Saint Vincent and the Grenadines<\/option><option value=\"WS\">Samoa<\/option><option value=\"SM\">San Marino<\/option><option value=\"ST\">Sao Tome and Principe<\/option><option value=\"SA\">Saudi Arabia<\/option><option value=\"SN\">Senegal<\/option><option value=\"RS\">Serbia<\/option><option value=\"SC\">Seychelles<\/option><option value=\"SL\">Sierra Leone<\/option><option value=\"SG\">Singapore<\/option><option value=\"SX\">Sint Maarten<\/option><option value=\"SK\">Slovakia<\/option><option value=\"SI\">Slovenia<\/option><option value=\"SB\">Solomon Islands<\/option><option value=\"SO\">Somalia<\/option><option value=\"ZA\">South Africa<\/option><option value=\"GS\">South Georgia and the South Sandwich Islands<\/option><option value=\"KR\">South Korea<\/option><option value=\"SS\">South Sudan<\/option><option value=\"ES\">Spain<\/option><option value=\"LK\">Sri Lanka<\/option><option value=\"SD\">Sudan<\/option><option value=\"SR\">Suriname<\/option><option value=\"SJ\">Svalbard and Jan Mayen<\/option><option value=\"SZ\">Swaziland<\/option><option value=\"SE\">Sweden<\/option><option value=\"CH\">Switzerland<\/option><option value=\"SY\">Syria<\/option><option value=\"TW\">Taiwan<\/option><option value=\"TJ\">Tajikistan<\/option><option value=\"TZ\">Tanzania<\/option><option value=\"TH\">Thailand<\/option><option value=\"TG\">Togo<\/option><option value=\"TK\">Tokelau<\/option><option value=\"TO\">Tonga<\/option><option value=\"TT\">Trinidad and Tobago<\/option><option value=\"TN\">Tunisia<\/option><option value=\"TR\">Turkey<\/option><option value=\"TM\">Turkmenistan<\/option><option value=\"TC\">Turks and Caicos Islands<\/option><option value=\"TV\">Tuvalu<\/option><option value=\"VI\">U.S. Virgin Islands<\/option><option value=\"UG\">Uganda<\/option><option value=\"UA\">Ukraine<\/option><option value=\"AE\">United Arab Emirates<\/option><option value=\"GB\" selected>United Kingdom<\/option><option value=\"US\">United States<\/option><option value=\"UM\">United States Minor Outlying Islands<\/option><option value=\"UY\">Uruguay<\/option><option value=\"UZ\">Uzbekistan<\/option><option value=\"VU\">Vanuatu<\/option><option value=\"VA\">Vatican<\/option><option value=\"VE\">Venezuela<\/option><option value=\"VN\">Vietnam<\/option><option value=\"WF\">Wallis and Futuna<\/option><option value=\"EH\">Western Sahara<\/option><option value=\"YE\">Yemen<\/option><option value=\"ZM\">Zambia<\/option><option value=\"ZW\">Zimbabwe<\/option>\n\t\t\t\t<\/select><\/li><li class=\"wppb-form-field wppb-input\" id=\"wppb-form-element-18\">\n\t\t\t\t<label for=\"practice_number\">C\u00f3digo de cliente<\/label>\n\t\t\t\t<input class=\"extra_field_input \" name=\"practice_number\" maxlength=\"250\" type=\"text\" id=\"practice_number\" value=\"\" \/><\/li><li class=\"wppb-form-field wppb-default-password\" id=\"wppb-form-element-12\">\n\t\t\t<label for=\"passw1\">Contrase\u00f1a<span class=\"wppb-required\" title=\"This field is required\">*<\/span><\/label>\n            <span class=\"wppb-password-field-container\">\n\t\t\t    <input class=\"text-input \" name=\"passw1\" maxlength=\"70\" type=\"password\" id=\"passw1\" value=\"\" autocomplete=\"off\" \/>\n\t\t\t     <!-- add the HTML for the visibility toggle -->\n\t\t\t<\/span><span class=\"wppb-description-delimiter\"> <\/span><\/li><li class=\"wppb-form-field wppb-default-repeat-password\" id=\"wppb-form-element-31\">\n\t\t\t<label for=\"passw2\">Repetir Contrase\u00f1a<span class=\"wppb-required\" title=\"This field is required\">*<\/span><\/label>\n\t\t\t<span class=\"wppb-password-field-container\">\n\t\t\t    <input class=\"text-input \" name=\"passw2\" maxlength=\"70\" type=\"password\" id=\"passw2\" value=\"\" autocomplete=\"off\" \/>\n\t\t\t     <!-- add the HTML for the visibility toggle -->\n\t\t\t<\/span><\/li><li class=\"wppb-form-field wppb-heading\" id=\"wppb-form-element-20\"><h4 class=\"extra_field_heading\">Preferencias de comunicaci\u00f3n<\/h4><span class=\"wppb-description-delimiter\"><\/span><\/li><li class=\"wppb-form-field wppb-heading\" id=\"wppb-form-element-34\"><h6 class=\"extra_field_heading\"><\/h6><span class=\"wppb-description-delimiter\">En base a su consentimiento  \"bausch+lomb\" tratar\u00e1 tus datos personales para enviarle a trav\u00e9s de su direcci\u00f3n de correo electr\u00f3nico o de cualquier otro medio de comunicaci\u00f3n electr\u00f3nica informaci\u00f3n comercial, materiales comerciales personalizados, otras comunicaciones generales, anuncios y boletines  relativo a productos y servicios que bausch + lomb pueda enviarle ocasionalmente con el fin de compartir informaci\u00f3n y desarrollar y gestionar nuestra relaci\u00f3n profesional. su consentimiento es totalmente voluntario y no est\u00e1 obligado a darlo. si da su consentimiento, puede dejar de recibir nuestras comunicaciones comerciales en cualquier momento actualizando sus preferencias en su perfil. lea el aviso de privacidad de profesionales sanitarios.<\/span><\/li><li class=\"wppb-form-field wppb-checkbox marketing-consent-field\" id=\"wppb-form-element-32\">\n\t\t\t\t<label for=\"communication_prefs_bl_updates\"><\/label><ul class=\"wppb-checkboxes\"><li class=\"wppb-hidden\"><input type=\"hidden\" value=\"\" name=\"communication_prefs_bl_updates\"><\/li><li><input value=\"yes\" class=\"custom_field_checkbox\" name=\"communication_prefs_bl_updates[]\" id=\"yes_32\" type=\"checkbox\"   \/><label for=\"yes_32\" class=\"wppb-rc-value\">Doy mi consentimiento para que se recojan y utilicen mis datos personales con fines de comunicaci\u00f3n comercial.<\/label><\/li><\/ul><\/li><li class=\"wppb-1website-url\" id=\"wppb-form-element-36\">\n            <label for=\"1_website_url1\" style=\"position: absolute; left: -9999px;\">Honeypot<\/label>\n            <input class=\"\" name=\"1_website_url1\" maxlength=\"250\" type=\"text\" id=\"1_website_url\" tabindex=\"-1\" autocomplete=\"nope\" style=\"position: absolute; left: -9999px;\" value=\"\" \/><\/li><\/ul><ul><\/ul>\t\t\t<p class=\"form-submit\"  >\n\t\t\t\t                \t\t\t\t<input name=\"register\" type=\"submit\" id=\"register\" class=\"submit button\" value=\"Registrar\" \/>\n                <input name=\"redirect_to\" type=\"hidden\" value=\"\" \/>\n                \t\t\t\t<input name=\"action\" type=\"hidden\" id=\"action\" value=\"register\" \/>\n\t\t\t\t<input name=\"form_name\" type=\"hidden\" id=\"form_name\" value=\"reg-form\" \/>\n\t\t\t\t<input name=\"form_id\" type=\"hidden\" id=\"form_id\" value=\"19\" \/>\n\t\t\t\t<input type=\"hidden\" name=\"wppb_referer_url\" value=\"\"\/>\t\t\t<\/p><!-- .form-submit -->\n\t\t\t<input type=\"hidden\" id=\"register_reg-form_nonce_field\" name=\"register_reg-form_nonce_field\" value=\"5231238374\" \/><input type=\"hidden\" name=\"_wp_http_referer\" value=\"\/es\/wp-json\/wp\/v2\/pages\/16\" \/>\t\t<\/form>\n\t\t<\/div><\/div><\/div><\/div><\/div>\n","protected":false},"excerpt":{"rendered":"<p>&Uacute;nase a la academy of vision care Nombre* Apellido* E-mail* Profesi\u00f3n* Ninguno seleccionadoOptometrista\u00d3ptico-optometristaOftalm\u00f3logoEstudianteAuxiliarDirectorOtro profesional de la visi\u00f3n N\u00famero de colegiado Nombre de la consulta* Pa\u00eds* Select a CountryAfghanistanAland IslandsAlbaniaAlgeriaAmerican SamoaAndorraAngolaAnguillaAntarcticaAntigua and BarbudaArgentinaArmeniaArubaAustraliaAustriaAzerbaijanBahamasBahrainBangladeshBarbadosBelarusBelgiumBelizeBeninBermudaBhutanBoliviaBonaire, Saint Eustatius and SabaBosnia and HerzegovinaBotswanaBouvet IslandBrazilBritish Indian Ocean TerritoryBritish Virgin IslandsBruneiBulgariaBurkina FasoBurundiCambodiaCameroonCanadaCape VerdeCayman IslandsCentral African RepublicChadChileChinaChristmas IslandCocos IslandsColombiaComorosCook IslandsCosta RicaCroatiaCubaCuracaoCyprusCzech RepublicDemocratic Republic of the CongoDenmarkDjiboutiDominicaDominican RepublicEast TimorEcuadorEgyptEl &#8230;<\/p>\n","protected":false},"author":3,"featured_media":3141,"parent":0,"menu_order":0,"comment_status":"closed","ping_status":"closed","template":"","meta":{"_acf_changed":false,"inline_featured_image":false,"_themeisle_gutenberg_block_has_review":false,"footnotes":""},"class_list":["post-16","page","type-page","status-publish","has-post-thumbnail","hentry"],"acf":[],"_links":{"self":[{"href":"https:\/\/academyofvisioncare.com\/es\/wp-json\/wp\/v2\/pages\/16","targetHints":{"allow":["GET"]}}],"collection":[{"href":"https:\/\/academyofvisioncare.com\/es\/wp-json\/wp\/v2\/pages"}],"about":[{"href":"https:\/\/academyofvisioncare.com\/es\/wp-json\/wp\/v2\/types\/page"}],"author":[{"embeddable":true,"href":"https:\/\/academyofvisioncare.com\/es\/wp-json\/wp\/v2\/users\/3"}],"replies":[{"embeddable":true,"href":"https:\/\/academyofvisioncare.com\/es\/wp-json\/wp\/v2\/comments?post=16"}],"version-history":[{"count":18,"href":"https:\/\/academyofvisioncare.com\/es\/wp-json\/wp\/v2\/pages\/16\/revisions"}],"predecessor-version":[{"id":3101,"href":"https:\/\/academyofvisioncare.com\/es\/wp-json\/wp\/v2\/pages\/16\/revisions\/3101"}],"wp:featuredmedia":[{"embeddable":true,"href":"https:\/\/academyofvisioncare.com\/es\/wp-json\/wp\/v2\/media\/3141"}],"wp:attachment":[{"href":"https:\/\/academyofvisioncare.com\/es\/wp-json\/wp\/v2\/media?parent=16"}],"curies":[{"name":"wp","href":"https:\/\/api.w.org\/{rel}","templated":true}]}}