{"id":1539,"date":"2022-10-25T12:29:21","date_gmt":"2022-10-25T11:29:21","guid":{"rendered":"https:\/\/academyofvisioncare.com\/fr\/?page_id=1539"},"modified":"2025-10-27T11:50:56","modified_gmt":"2025-10-27T10:50:56","slug":"hcp-privacy-notice","status":"publish","type":"page","link":"https:\/\/academyofvisioncare.com\/fr\/hcp-privacy-notice\/","title":{"rendered":"D\u00e9claration G\u00e9n\u00e9rale de Confidentialit\u00e9 \u00e0 l\u2019Intention des Professionnels de Sant\u00e9"},"content":{"rendered":"<div id=\"cs-content\" class=\"cs-content\"><div class=\"x-section e1539-e1 m16r-0\"><div class=\"x-row e1539-e2 m16r-1 m16r-2\"><div class=\"x-row-inner\"><div class=\"x-col e1539-e3 m16r-3\"><div class=\"x-text x-content e1539-e4 m16r-4\"><p><strong>D\u00e9claration g\u00e9n\u00e9rale de confidentialit\u00e9 \u00e0 l\u2019intention des professionnels de sant\u00e9<\/strong><\/p>\n<p><span>Nous accordons une grande importance \u00e0 vos droits en mati\u00e8re de protection des donn\u00e9es et \u00e0 nos obligations l\u00e9gales en la mati\u00e8re. Vos donn\u00e9es \u00e0 caract\u00e8re personnel (telles que d\u00e9finies ci-dessous) seront trait\u00e9es en toute s\u00e9curit\u00e9 et confidentialit\u00e9 et uniquement selon les modalit\u00e9s expos\u00e9es ci-dessous ou qui vous seront notifi\u00e9es par \u00e9crit. <\/span><\/p>\n<p>Bausch + Lomb <span>respecte votre vie priv\u00e9e et s\u2019engage \u00e0 prot\u00e9ger vos donn\u00e9es \u00e0 caract\u00e8re personnel. La pr\u00e9sente Politique de confidentialit\u00e9 a vocation \u00e0 vous informer sur la mani\u00e8re dont nous traitons et utilisons les donn\u00e9es \u00e0 caract\u00e8re personnel que vous nous avez fournies, ainsi que sur vos droits en vertu des r\u00e9glementations relatives \u00e0 la protection des donn\u00e9es, notamment le R\u00e8glement g\u00e9n\u00e9ral sur la protection des donn\u00e9es (\u00ab\u00a0RGPD\u00a0\u00bb\u00a0; et la loi sur la protection des donn\u00e9es adopt\u00e9e en vertu du RGPD) et sur la mani\u00e8re dont ces r\u00e9glementations vous prot\u00e8gent.<\/span><\/p>\n<p><span>Les informations que Bausch\u00a0&amp;\u00a0Lomb est susceptible de poss\u00e9der \u00e0 votre sujet, en sa qualit\u00e9 de responsable du traitement (ci-apr\u00e8s\u00a0: \u00ab\u00a0Bausch\u00a0+\u00a0Lomb\u00a0\u00bb ou le \u00ab\u00a0Responsable du traitement\u00a0\u00bb), peuvent avoir \u00e9t\u00e9 obtenues directement par votre biais, celui de nos partenaires commerciaux (c\u2019est-\u00e0-dire l\u2019entit\u00e9 juridique pour laquelle vous travaillez), de tiers (par exemple des fournisseurs externes ou des agences m\u00e9dicales), ou par le biais de ressources publiques disponibles et fiables. <\/span><\/p>\n<p><span>Nous sommes susceptibles de recueillir diff\u00e9rents types de donn\u00e9es \u00e0 caract\u00e8re personnel vous concernant, notamment\u00a0:<\/span><\/p>\n\n<ul>\n \t<li><span>vos informations g\u00e9n\u00e9rales et vos donn\u00e9es d\u2019identification (par exemple\u00a0: nom, pr\u00e9nom, sexe, adresse \u00e9lectronique et\/ou postale, num\u00e9ro de t\u00e9l\u00e9phone fixe et\/ou mobile)\u00a0;<\/span><\/li>\n \t<li><span>votre fonction (par exemple\u00a0: titre, poste, nom de l\u2019entreprise, ainsi que, pour les professionnels de sant\u00e9, sp\u00e9cialit\u00e9s principale et secondaire, ann\u00e9e d\u2019obtention du dipl\u00f4me de m\u00e9decine, publications, participation \u00e0 des congr\u00e8s, prix, biographie, formation, liens avec les universit\u00e9s, expertise et participation\/contribution \u00e0 des essais cliniques, lignes directrices, comit\u00e9s de r\u00e9daction et organisations)\u00a0; <\/span><\/li>\n \t<li><span>des informations relatives au paiement (par exemple\u00a0: les coordonn\u00e9es de la carte de cr\u00e9dit ou du compte bancaire, num\u00e9ro de TVA ou autre num\u00e9ro d\u2019identification fiscale)\u00a0;<\/span><\/li>\n \t<li><span>des informations relatives \u00e0 votre utilisation, vos r\u00e9ponses et\/ou vos pr\u00e9f\u00e9rences, notamment en mati\u00e8re de types de messages \u00e9chang\u00e9s, de voies de communication et de fr\u00e9quence\u00a0;<\/span><\/li>\n \t<li><span>les donn\u00e9es que vous nous fournissez, par exemple lorsque vous remplissez des formulaires ou lors d\u2019\u00e9v\u00e9nements auxquels vous assistez, ou lorsque vous r\u00e9pondez \u00e0 des questions lors d\u2019une conversation ou dans le cadre d\u2019une enqu\u00eate\u00a0; <\/span><\/li>\n \t<li><span>les donn\u00e9es relatives \u00e0 nos produits et services\u00a0; et <\/span><\/li>\n \t<li><span>des informations relatives aux activit\u00e9s\/interactions scientifiques et m\u00e9dicales que vous avez avec nous, y compris les interactions futures potentielles.<\/span><\/li>\n<\/ul>\n<p><strong><span>Objets et fondements juridiques <\/span><\/strong><\/p>\n<p><span>Bausch\u00a0+\u00a0Lomb traitera vos donn\u00e9es \u00e0 caract\u00e8re personnel uniquement dans la mesure o\u00f9\u00a0:<\/span><\/p>\n\n<ul>\n \t<li><span>nous avons obtenu votre consentement pr\u00e9alable\u00a0; <\/span><\/li>\n \t<li><span>le traitement en question est n\u00e9cessaire pour nous acquitter de nos obligations contractuelles \u00e0 votre \u00e9gard ou pour prendre, \u00e0 votre demande, des mesures pr\u00e9contractuelles\u00a0; <\/span><\/li>\n \t<li><span>le traitement en question est n\u00e9cessaire pour r\u00e9pondre \u00e0 nos obligations l\u00e9gales ou r\u00e9glementaires\u00a0; ou<\/span><\/li>\n \t<li><span>le traitement en question est n\u00e9cessaire \u00e0 nos int\u00e9r\u00eats l\u00e9gitimes et ne porte pas pr\u00e9judice \u00e0 vos int\u00e9r\u00eats ou \u00e0 vos libert\u00e9s et droits fondamentaux de mani\u00e8re injustifi\u00e9e. <\/span><\/li>\n<\/ul>\n<p><span>Veuillez noter que, lorsque nous traitons vos donn\u00e9es \u00e0 caract\u00e8re personnel au titre du dernier motif susmentionn\u00e9, nous nous effor\u00e7ons toujours de maintenir un \u00e9quilibre entre nos int\u00e9r\u00eats l\u00e9gitimes et votre vie priv\u00e9e. <\/span><\/p>\n<p><span>Les exemples d\u2019\u00ab\u00a0int\u00e9r\u00eats l\u00e9gitimes\u00a0\u00bb incluent les activit\u00e9s de traitement des donn\u00e9es effectu\u00e9es aux fins suivantes\u00a0:<\/span><\/p>\n\n<ul>\n \t<li><span>d\u00e9velopper une relation professionnelle de proximit\u00e9 et de confiance avec les professionnels de sant\u00e9\u00a0;<\/span><\/li>\n \t<li><span>informer les professionnels de sant\u00e9 sur les m\u00e9dicaments et les innovations\/d\u00e9couvertes scientifiques de Bausch\u00a0+\u00a0Lomb\u00a0; <\/span><\/li>\n \t<li><span>mettre nos produits et services \u00e0 la disposition de nos clients\u00a0;<\/span><\/li>\n \t<li><span>pr\u00e9venir toutes fraudes ou activit\u00e9s criminelles, tout d\u00e9tournement de nos produits ou services, ainsi que garantir la s\u00e9curit\u00e9 de nos syst\u00e8mes, infrastructures et r\u00e9seaux informatique\u00a0;<\/span><\/li>\n \t<li><span>vendre une partie de notre entreprise ou de ses actifs ou faciliter l\u2019acquisition de tout ou partie de notre entreprise ou de nos actifs par une tierce partie\u00a0; <\/span><\/li>\n \t<li><span>administrer les ressources humaines et financi\u00e8res et optimiser les interactions avec les professionnels de sant\u00e9\u00a0; et <\/span><\/li>\n \t<li><span>atteindre nos objectifs en mati\u00e8re de responsabilit\u00e9 sociale et d\u2019entreprise.<\/span><\/li>\n<\/ul>\n<p><strong><span>Finalit\u00e9s du traitement<\/span><\/strong><\/p>\n<p><span>Nous traitons les donn\u00e9es \u00e0 caract\u00e8re personnel que nous pourrions d\u00e9tenir \u00e0 votre sujet aux fins suivantes\u00a0:<\/span><\/p>\n\n<ul>\n \t<li><span>administrer la relation que nous entretenons avec vous (par exemple, par le biais de nos bases de donn\u00e9es)\u00a0;<\/span><\/li>\n \t<li><span>mettre en \u0153uvre des t\u00e2ches en vue de pr\u00e9parer ou d\u2019ex\u00e9cuter des contrats existants\u00a0; <\/span><\/li>\n \t<li><span>prouver des transactions et garantir la transparence sur les transferts de valeur\u00a0;<\/span><\/li>\n \t<li><span>transf\u00e9rer et collecter des informations et donn\u00e9es professionnelles relatives \u00e0 la pharmacovigilance, collecter et \u00e9valuer les retours d\u2019exp\u00e9riences sur nos produits, assurer la publicit\u00e9 et la promotion en mati\u00e8re de r\u00e9glementation relative aux m\u00e9dicaments, <\/span><\/li>\n \t<li><span>r\u00e9aliser des tests produits, des analyses et des enqu\u00eates\u00a0;<\/span><\/li>\n \t<li><span>vous apporter des informations appropri\u00e9es, ad\u00e9quates et actualis\u00e9es sur les maladies, les m\u00e9dicaments ainsi que sur nos produits et services\u00a0;<\/span><\/li>\n \t<li><span>am\u00e9liorer la qualit\u00e9 de nos interactions et de nos services en adaptant notre offre \u00e0 vos besoins sp\u00e9cifiques\u00a0; <\/span><\/li>\n \t<li><span>r\u00e9pondre \u00e0 vos demandes et vous fournir une aide efficace\u00a0; <\/span><\/li>\n \t<li><span>vous faire parvenir des renseignements et des informations concernant les produits, les domaines th\u00e9rapeutiques ou les services dont nous faisons la promotion\u00a0; <\/span><\/li>\n \t<li><span>administrer, planifier et mettre en \u0153uvre les communications et les interactions que nous entretenons avec vous\u00a0; <\/span><\/li>\n \t<li><span>tenir des registres de nos activit\u00e9s et de nos paiements (par exemple\u00a0: mesurer nos interactions ou nos ventes, le nombre de rendez-vous\/appels, les visites, les \u00e9tudes cliniques, les programmes de conf\u00e9rences, etc.)\u00a0; <\/span><\/li>\n \t<li><span>tenir un registre des \u00e9chantillons de m\u00e9dicaments gratuits, conform\u00e9ment \u00e0 la proc\u00e9dure en vigueur au sein de l\u2019entreprise et aux r\u00e9glementations locales\u00a0;<\/span><\/li>\n \t<li><span>vous inviter \u00e0 des \u00e9v\u00e9nements ou \u00e0 des rencontres promotionnelles que nous parrainons, tels que des \u00e9v\u00e9nements m\u00e9dicaux, des colloques, des conf\u00e9rences, etc.\u00a0; <\/span><\/li>\n \t<li><span>pr\u00e9server les int\u00e9r\u00eats \u00e9conomiques de l\u2019entreprise et garantir la conformit\u00e9 et la communication d\u2019informations (comme le respect de nos politiques et des obligations juridiques locales, les d\u00e9ductions fiscales, la gestion des all\u00e9gations de mauvaise conduite ou de fraude, la r\u00e9alisation d\u2019audits et la d\u00e9fense en cas de litige)\u00a0;<\/span><\/li>\n \t<li><span>g\u00e9rer les fusions et acquisitions impliquant notre entreprise\u00a0; <\/span><\/li>\n \t<li><span>toute autre finalit\u00e9 impos\u00e9e par la loi et les autorit\u00e9s.<\/span><\/li>\n<\/ul>\n<p><strong><span>Acc\u00e8s aux donn\u00e9es \u00e0 caract\u00e8re personnel et transfert <\/span><\/strong><\/p>\n<p><span>Dans le cadre de nos activit\u00e9s et aux m\u00eames fins que celles \u00e9num\u00e9r\u00e9es dans la pr\u00e9sente D\u00e9claration g\u00e9n\u00e9rale de confidentialit\u00e9, vos donn\u00e9es \u00e0 caract\u00e8re personnel peuvent \u00eatre consult\u00e9es ou transf\u00e9r\u00e9es aux types de destinataires suivants, en vue d\u2019obtenir des informations de base nous permettant de parvenir auxdites fins\u00a0: <\/span><\/p>\n\n<ul>\n \t<li><span>notre personnel (y compris le personnel, les services ou les autres soci\u00e9t\u00e9s du groupe Bausch\u00a0+\u00a0Lomb)\u00a0;<\/span><\/li>\n \t<li><span>nos fournisseurs et prestataires de services qui nous fournissent des services et des produits\u00a0;<\/span><\/li>\n \t<li><span>nos fournisseurs de syst\u00e8mes informatiques, de services d\u2019informatique en nuage et de bases de donn\u00e9es, ainsi que nos consultants\u00a0;<\/span><\/li>\n \t<li><span>nos partenaires commerciaux qui proposent des produits ou des services en collaboration avec nous ou avec nos filiales ou soci\u00e9t\u00e9s affili\u00e9es\u00a0;<\/span><\/li>\n \t<li><span>tout tiers \u00e0 qui nous c\u00e9dons l\u2019un de nos droits ou obligations.<\/span><\/li>\n<\/ul>\n<p><span>Les tiers susmentionn\u00e9s sont contractuellement tenus d\u2019assurer la confidentialit\u00e9 et la s\u00e9curit\u00e9 de vos donn\u00e9es \u00e0 caract\u00e8re personnel, conform\u00e9ment \u00e0 la l\u00e9gislation en vigueur. <\/span><\/p>\n<p><span>Vos donn\u00e9es \u00e0 caract\u00e8re personnel peuvent \u00e9galement \u00eatre consult\u00e9es par ou transf\u00e9r\u00e9es \u00e0 tout organisme public ou tribunal national et\/ou international en charge de la r\u00e9glementation ou de son application, lorsque nous sommes tenus de le faire en vertu de la l\u00e9gislation ou de la r\u00e9glementation en vigueur, ou \u00e0 sa demande.<\/span><\/p>\n<p><span>Les donn\u00e9es \u00e0 caract\u00e8re personnel que nous recueillons \u00e0 votre sujet peuvent \u00e9galement \u00eatre trait\u00e9es, consult\u00e9es ou stock\u00e9es dans un pays autre que celui o\u00f9 Bausch\u00a0+\u00a0Lomb est implant\u00e9, qui peut ne pas offrir le m\u00eame niveau de protection des donn\u00e9es \u00e0 caract\u00e8re personnel. <\/span><\/p>\n<p><span>Si nous transf\u00e9rons vos donn\u00e9es \u00e0 caract\u00e8re personnel \u00e0 des entreprises externes se trouvant dans d\u2019autres juridictions, nous veillerons \u00e0 prot\u00e9ger vos donn\u00e9es \u00e0 caract\u00e8re personnel conform\u00e9ment aux l\u00e9gislations en vigueur. <\/span><\/p>\n<p><strong><span>Protection de vos donn\u00e9es \u00e0 caract\u00e8re personnel<\/span><\/strong><\/p>\n<p><span>Nous avons d\u00e9ploy\u00e9 des mesures techniques et organisationnelles appropri\u00e9es afin de garantir un niveau ad\u00e9quat de s\u00e9curit\u00e9 et de confidentialit\u00e9 de vos donn\u00e9es \u00e0 caract\u00e8re personnel. <\/span><\/p>\n<p><strong><span>Conservation des donn\u00e9es <\/span><\/strong><\/p>\n<p><span>Nous ne conserverons les donn\u00e9es \u00e0 caract\u00e8re personnel, que nous pourrions d\u00e9tenir \u00e0 votre sujet, qu\u2019aussi longtemps que n\u00e9cessaire pour atteindre l\u2019objectif pour lequel elles ont \u00e9t\u00e9 collect\u00e9es ou pour nous conformer aux exigences l\u00e9gales ou r\u00e9glementaires. <\/span><\/p>\n<p><strong><span>Droits de la personne concern\u00e9e <\/span><\/strong><\/p>\n<p><span>Vous pouvez exercer les droits suivants dans les conditions et les limites pr\u00e9vues par les r\u00e9glementations en vigueur\u00a0:<\/span><\/p>\n\n<ul>\n \t<li><span>le droit d\u2019acc\u00e9der \u00e0 vos donn\u00e9es \u00e0 caract\u00e8re personnel telles que nous les traitons et, si vous estimez que toute information vous concernant est incorrecte, obsol\u00e8te ou incompl\u00e8te, d\u2019en demander la rectification ou la mise \u00e0 jour\u00a0; <\/span><\/li>\n \t<li><span>le droit de demander l\u2019effacement de vos donn\u00e9es \u00e0 caract\u00e8re personnel ou que celles-ci ne subissent que certains types de traitement bien sp\u00e9cifiques\u00a0; <\/span><\/li>\n \t<li><span>le droit de r\u00e9voquer votre consentement \u00e0 tout moment, sans pour autant affecter la lic\u00e9it\u00e9 du traitement de donn\u00e9es ant\u00e9rieur \u00e0 cette r\u00e9vocation\u00a0; <\/span><\/li>\n \t<li><span>le droit de vous opposer, en tout ou en partie, au traitement de vos donn\u00e9es \u00e0 caract\u00e8re personnel\u00a0; <\/span><\/li>\n \t<li><span>le droit de vous opposer \u00e0 l\u2019utilisation d\u2019une voie de communication \u00e0 des fins de marketing direct\u00a0; et<\/span><\/li>\n \t<li><span>le droit de demander leur portabilit\u00e9, c\u2019est-\u00e0-dire le droit \u00e0 ce que les donn\u00e9es \u00e0 caract\u00e8re personnel que vous nous avez fournies vous soient restitu\u00e9es ou soient transf\u00e9r\u00e9es \u00e0 la personne de votre choix, dans un format structur\u00e9, couramment utilis\u00e9 et lisible par machine, sans entrave de notre part et sous r\u00e9serve de vos obligations en mati\u00e8re de confidentialit\u00e9. <\/span><\/li>\n<\/ul>\n<p><span>Si vous avez des questions ou souhaitez exercer les droits susmentionn\u00e9s, veuillez envoyer un courrier \u00e9lectronique \u00e0 l\u2019adresse\u00a0: dpo@bausch.com. Vous \u00eates \u00e9galement en droit de d\u00e9poser une plainte aupr\u00e8s de l\u2019Autorit\u00e9 de protection des donn\u00e9es. <\/span><\/p>\n<p><span>Vous avez \u00e9galement le droit de vous opposer \u00e0 la collecte et \u00e0 l\u2019utilisation de vos donn\u00e9es \u00e0 caract\u00e8re personnel tel qu\u2019expliqu\u00e9 dans le pr\u00e9sent document.\u00a0 Si vous souhaitez exercer ce droit, veuillez nous contacter \u00e0 l\u2019adresse suivante\u00a0: <\/span><\/p>\n\n<table>\n<tbody>\n<tr>\n<td width=\"157\">\n<p><strong>Entit\u00e9<\/strong><\/p>\n<\/td>\n<td width=\"195\">\n<p><strong>Pays<\/strong><\/p>\n<\/td>\n<td width=\"250\">\n<p><strong>Courrier \u00e9lectronique\u00a0\u00a0<\/strong><\/p>\n<\/td>\n<\/tr>\n<tr>\n<td width=\"157\">\n<p>Bausch\u00a0&amp;\u00a0Lomb France S.A.S.<\/p>\n<\/td>\n<td width=\"195\">\n<p>France<\/p>\n<\/td>\n<td width=\"250\">\n<p>dpo@bausch.com<\/p>\n<\/td>\n<\/tr>\n<tr>\n<td width=\"157\">\n<p>Dr\u00a0Gerhard Mann chem.-pharm. Fabrik GmbH<\/p>\n<\/td>\n<td width=\"195\">\n<p>Allemagne, Autriche et Suisse<\/p>\n<\/td>\n<td width=\"250\">\n<p>\u00a0Datenschutz@bausch.com<\/p>\n<\/td>\n<\/tr>\n<tr>\n<td width=\"157\">\n<p>Bausch Health Hellas Single-Member Pharmaceutical Soci\u00e9t\u00e9 Anonyme<\/p>\n<\/td>\n<td width=\"195\">\n<p>Gr\u00e8ce<\/p>\n<\/td>\n<td width=\"250\">\n<p>\u00a0dpo@bausch.com<\/p>\n<\/td>\n<\/tr>\n<tr>\n<td width=\"157\">\n<p>Bausch\u00a0+\u00a0Lomb Netherlands B.V.<\/p>\n<\/td>\n<td width=\"195\">\n<p>Pays-Bas et Luxembourg<\/p>\n<\/td>\n<td width=\"250\">\n<p>\u00a0dpo@bausch.com<\/p>\n<\/td>\n<\/tr>\n<tr>\n<td width=\"157\">\n<p>Bausch\u00a0&amp;\u00a0Lomb Pharma S.A.<\/p>\n<\/td>\n<td width=\"195\">\n<p>Belgique<\/p>\n<\/td>\n<td width=\"250\">\n<p>dpo@bausch.com<\/p>\n<\/td>\n<\/tr>\n<tr>\n<td width=\"157\">\n<p>Bausch\u00a0&amp;\u00a0Lomb Nordic AB<\/p>\n<\/td>\n<td width=\"195\">\n<p>Scandinavie (comprend le Danemark, la Finlande, la Norv\u00e8ge et la Su\u00e8de)<\/p>\n<\/td>\n<td width=\"250\">\n<p>\u00a0dpo@bausch.com<\/p>\n<\/td>\n<\/tr>\n<tr>\n<td width=\"157\">\n<p>Bausch\u00a0&amp;\u00a0Lomb Poland sp. z o.o.<\/p>\n<\/td>\n<td width=\"195\">\n<p>Pologne<\/p>\n<\/td>\n<td width=\"250\">\n<p>dpo@bausch.com<\/p>\n<\/td>\n<\/tr>\n<tr>\n<td width=\"157\">\n<p>Bausch\u00a0&amp;\u00a0Lomb-IOM S.P.A.<\/p>\n<\/td>\n<td width=\"195\">\n<p>P\u00e9ninsule ib\u00e9rique (Espagne et Portugal)<\/p>\n<\/td>\n<td width=\"250\">\n<p>\u00a0dpo@bausch.com<\/p>\n<\/td>\n<\/tr>\n<tr>\n<td width=\"157\">\n<p>Bausch\u00a0&amp;\u00a0Lomb U.K. Ltd<\/p>\n<\/td>\n<td width=\"195\">\n<p>Royaume-Uni et Irlande<\/p>\n<\/td>\n<td width=\"250\">\n<p>\u00a0<span><a href=\"mailto:privacyuk@bausch.com\">privacyuk@bausch.com<\/a><\/span>.<\/p>\n<\/td>\n<\/tr>\n<\/tbody>\n<\/table>\n<p><\/p><\/div><\/div><\/div><\/div><\/div><\/div>\n","protected":false},"excerpt":{"rendered":"<p>D\u00e9claration g\u00e9n\u00e9rale de confidentialit\u00e9 \u00e0 l\u2019intention des professionnels de sant\u00e9 Nous accordons une grande importance \u00e0 vos droits en mati\u00e8re de protection des donn\u00e9es et \u00e0 nos obligations l\u00e9gales en la mati\u00e8re. Vos donn\u00e9es \u00e0 caract\u00e8re personnel (telles que d\u00e9finies ci-dessous) seront trait\u00e9es en toute s\u00e9curit\u00e9 et confidentialit\u00e9 et uniquement selon les modalit\u00e9s expos\u00e9es ci-dessous ou qui vous seront notifi\u00e9es &#8230;<\/p>\n","protected":false},"author":4,"featured_media":3005,"parent":0,"menu_order":0,"comment_status":"closed","ping_status":"closed","template":"","meta":{"_acf_changed":false,"inline_featured_image":false,"_themeisle_gutenberg_block_has_review":false,"footnotes":""},"class_list":["post-1539","page","type-page","status-publish","has-post-thumbnail","hentry"],"acf":[],"_links":{"self":[{"href":"https:\/\/academyofvisioncare.com\/fr\/wp-json\/wp\/v2\/pages\/1539","targetHints":{"allow":["GET"]}}],"collection":[{"href":"https:\/\/academyofvisioncare.com\/fr\/wp-json\/wp\/v2\/pages"}],"about":[{"href":"https:\/\/academyofvisioncare.com\/fr\/wp-json\/wp\/v2\/types\/page"}],"author":[{"embeddable":true,"href":"https:\/\/academyofvisioncare.com\/fr\/wp-json\/wp\/v2\/users\/4"}],"replies":[{"embeddable":true,"href":"https:\/\/academyofvisioncare.com\/fr\/wp-json\/wp\/v2\/comments?post=1539"}],"version-history":[{"count":8,"href":"https:\/\/academyofvisioncare.com\/fr\/wp-json\/wp\/v2\/pages\/1539\/revisions"}],"predecessor-version":[{"id":3077,"href":"https:\/\/academyofvisioncare.com\/fr\/wp-json\/wp\/v2\/pages\/1539\/revisions\/3077"}],"wp:featuredmedia":[{"embeddable":true,"href":"https:\/\/academyofvisioncare.com\/fr\/wp-json\/wp\/v2\/media\/3005"}],"wp:attachment":[{"href":"https:\/\/academyofvisioncare.com\/fr\/wp-json\/wp\/v2\/media?parent=1539"}],"curies":[{"name":"wp","href":"https:\/\/api.w.org\/{rel}","templated":true}]}}