{"id":1609,"date":"2022-11-29T14:13:07","date_gmt":"2022-11-29T14:13:07","guid":{"rendered":"https:\/\/academyofvisioncare.com\/fr\/?page_id=1609"},"modified":"2025-10-27T11:50:18","modified_gmt":"2025-10-27T10:50:18","slug":"terms-of-use","status":"publish","type":"page","link":"https:\/\/academyofvisioncare.com\/fr\/terms-of-use\/","title":{"rendered":"Conditions d&#8217;utilisation"},"content":{"rendered":"<div id=\"cs-content\" class=\"cs-content\"><div class=\"x-section e1609-e1 m18p-0\"><div class=\"x-row e1609-e2 m18p-1 m18p-2\"><div class=\"x-row-inner\"><div class=\"x-col e1609-e3 m18p-3\"><div class=\"x-text x-content e1609-e4 m18p-4\"><p><strong>Conditions d\u2019utilisation\/Mentions l\u00e9gales <\/strong><\/p>\n<p>Le pr\u00e9sent site Web (<strong>www.academyofvisioncare.com<\/strong>) est exploit\u00e9 par Bausch\u00a0&amp;\u00a0Lomb U.K. Limited (\u00ab\u00a0<strong>Bausch\u00a0+\u00a0Lomb<\/strong>\u00a0\u00bb, \u00ab\u00a0<strong>nous\u00a0<\/strong>\u00bb ou \u00ab\u00a0<strong>notre<\/strong>\u00a0\u00bb).\u00a0\u00a0 Nous sommes enregistr\u00e9s en Angleterre et au Pays de Galles sous le num\u00e9ro de soci\u00e9t\u00e9\u00a0<strong>143720<\/strong> et notre si\u00e8ge social se situe au One, Fleet Place, Londres, EC4M\u00a07WS. Notre adresse commerciale principale est\u00a0106\u00a0London Rd, Kingston upon Thames, KT2\u00a06TN.<\/p>\n<p>L\u2019utilisation de notre site Web vaut acceptation des pr\u00e9sentes Conditions d\u2019utilisation<\/p>\n<p>Les pr\u00e9sentes Conditions d\u2019utilisation (\u00ab\u00a0<strong>Conditions d\u2019utilisation\u00a0<\/strong>\u00bb) s\u2019appliquent \u00e0 votre utilisation du pr\u00e9sent site Web. Veuillez lire les pr\u00e9sentes Conditions d\u2019utilisation avant de commencer \u00e0 utiliser le site Web.\u00a0 Si vous n\u2019acceptez pas les pr\u00e9sentes Conditions d\u2019utilisation, vous ne devez pas utiliser notre site Web.<\/p>\n<p>Les pr\u00e9sentes Conditions d\u2019utilisation renvoient aux conditions suppl\u00e9mentaires suivantes, qui s\u2019appliquent \u00e9galement \u00e0 votre utilisation de notre site Web\u00a0:<\/p>\n\n<ul>\n \t<li><a href=\"\/fr\/privacy-policy\/\">Politique de confidentialit\u00e9 du site Web<\/a><\/li>\n \t<li><a href=\"\/fr\/hcp-privacy-notice\">Politique de confidentialit\u00e9 pour les professionnels de sant\u00e9<\/a><\/li>\n<\/ul>\n<p>Bausch\u00a0+\u00a0Lomb \u00e9tant susceptible de modifier les pr\u00e9sentes conditions de temps \u00e0 autre, nous vous recommandons de les consulter r\u00e9guli\u00e8rement, car toute modification entrera en vigueur d\u00e8s sa publication sur le pr\u00e9sent site Web.<\/p>\n<p><strong>1. Utilisation du site Web <\/strong><\/p>\n<p>L\u2019acc\u00e8s aux informations contenues dans ce site Web et leur utilisation sont soumis aux pr\u00e9sentes Conditions d\u2019utilisation. Vous vous engagez \u00e0 utiliser et \u00e0 consulter le pr\u00e9sent site Web de fa\u00e7on l\u00e9gale en tout temps et ne ferez rien qui endommage, interf\u00e8re avec, perturbe l\u2019acc\u00e8s \u00e0, interrompt ou nuit au bon fonctionnement du pr\u00e9sent site Web ou emp\u00eache les autres utilisateurs d\u2019utiliser le site et d\u2019en profiter.<\/p>\n<p>Bien que les informations contenues dans le pr\u00e9sent site Web soient accessibles aux utilisateurs situ\u00e9s en dehors de l\u2019Union europ\u00e9enne\/du Royaume-Uni, ces informations sont destin\u00e9es \u00e0 \u00eatre utilis\u00e9es uniquement par les r\u00e9sidents de l\u2019UE et du Royaume-Uni. D\u2019autres pays peuvent avoir des lois, des exigences r\u00e9glementaires et des pratiques m\u00e9dicales qui diff\u00e8rent de celles de l\u2019UE et du Royaume-Uni.<\/p>\n<p><strong>2. Contenu <\/strong><\/p>\n<p>Rien de ce qui est contenu dans le pr\u00e9sent site Web ne saurait \u00eatre interpr\u00e9t\u00e9 comme une promotion ou une sollicitation pour tout produit ou pour l\u2019utilisation de tout produit d\u2019une mani\u00e8re particuli\u00e8re qui n\u2019est pas autoris\u00e9e par les lois et les r\u00e9glementations du pays o\u00f9 se trouve l\u2019utilisateur.<\/p>\n<p>Le pr\u00e9sent site Web est con\u00e7u pour fournir des informations g\u00e9n\u00e9rales sur les soins oculaires et sur les produits de Bausch\u00a0+\u00a0Lomb. Il n\u2019a pas vocation \u00e0 fournir des conseils m\u00e9dicaux. Il est recommand\u00e9 aux consommateurs et aux patients de toujours consulter un ophtalmologiste, un m\u00e9decin ou un autre professionnel de sant\u00e9 qualifi\u00e9 pour obtenir des conseils sur le traitement d\u2019une pathologie sp\u00e9cifique ou pour tout autre besoin particulier.<\/p>\n<p>Vous convenez que la consultation et l\u2019utilisation du pr\u00e9sent site Web et de son contenu se font \u00e0 vos propres risques. Bausch\u00a0+\u00a0Lomb est susceptible d\u2019ajouter, d\u2019alt\u00e9rer, de supprimer, de modifier ou de compl\u00e9ter le contenu du pr\u00e9sent site Web \u00e0 tout moment et \u00e0 sa discr\u00e9tion, et ce, sans pr\u00e9avis.<\/p>\n<p>Bausch\u00a0+\u00a0Lomb d\u00e9ploiera tous les efforts raisonnables pour publier des informations exactes et actualis\u00e9es sur le pr\u00e9sent site Web, mais ne fournit aucune repr\u00e9sentation, garantie ou assurance (expresse ou implicite) quant \u00e0 l\u2019exactitude, l\u2019actualit\u00e9, l\u2019ad\u00e9quation \u00e0 l\u2019objectif ou l\u2019exhaustivit\u00e9 de ces informations. Nous vous invitons \u00e0 consulter notre Politique de confidentialit\u00e9 sur Internet pour plus d\u2019informations sur la mani\u00e8re dont nous recueillons et utilisons les informations collect\u00e9es ou re\u00e7ues par le biais du pr\u00e9sent site Web.\u00a0Bausch\u00a0+\u00a0Lomb d\u00e9cline toute responsabilit\u00e9, expresse ou implicite, dans toute la mesure permise par la loi. Bausch\u00a0+\u00a0Lomb ne saurait \u00eatre tenu responsable de tout dommage ou pr\u00e9judice corporel pouvant d\u00e9couler de l\u2019utilisation du pr\u00e9sent site Web ou de la confiance accord\u00e9e \u00e0 toute information fournie par celui-ci, ou de l\u2019impossibilit\u00e9 d\u2019acc\u00e9der au site Web.\u00a0Bausch\u00a0+\u00a0Lomb, ses filiales ou toute partie impliqu\u00e9e dans la cr\u00e9ation, la production ou la fourniture du pr\u00e9sent site Web n\u2019assument aucune responsabilit\u00e9 et ne sauraient \u00eatre tenus responsables de tout dommage ou pr\u00e9judice corporel subi par vous, votre ordinateur ou autre bien personnel, y compris, sans que cela s\u2019y limite, les dommages caus\u00e9s par des virus qui infectent votre \u00e9quipement informatique ou d\u2019autres biens en raison de votre acc\u00e8s \u00e0 notre site Web ou du t\u00e9l\u00e9chargement par vos soins de tout contenu, toutes donn\u00e9es, tout texte, toute image, toute vid\u00e9o ou tout fichier audio ou d\u2019autres \u00e9l\u00e9ments depuis le site Web.<\/p>\n<p><strong>3. Protection de la vie priv\u00e9e <\/strong><\/p>\n<p>Bausch\u00a0+\u00a0Lomb respecte la vie priv\u00e9e des utilisateurs de son site Web. Pour en savoir plus sur la mani\u00e8re dont nous prot\u00e9geons la vie priv\u00e9e des clients et des professionnels de sant\u00e9, nous vous invitons \u00e0 consulter \u00e9galement la Politique de confidentialit\u00e9 de <a href=\"\/fr\/hcp-privacy-notice\">B+L pour les professionnels de sant\u00e9<\/a>.<\/p>\n<p><strong>4. Liens et sites Web tiers<\/strong><\/p>\n<p>Le pr\u00e9sent site Web peut contenir des liens ou des r\u00e9f\u00e9rences \u00e0 d\u2019autres sites Web g\u00e9r\u00e9s par des tiers, sur lesquels nous n\u2019avons aucun contr\u00f4le. Ces liens sont fournis uniquement \u00e0 titre utile. De m\u00eame, le pr\u00e9sent site Web peut \u00eatre accessible \u00e0 partir de liens de tiers sur lesquels Bausch\u00a0+\u00a0Lomb n\u2019a aucun contr\u00f4le. Bausch\u00a0+\u00a0Lomb ne fournit aucune garantie, engagement ou repr\u00e9sentation de quelque nature que ce soit quant \u00e0 l\u2019exactitude, l\u2019actualit\u00e9, la qualit\u00e9, l\u2019exhaustivit\u00e9 ou l\u2019ad\u00e9quation \u00e0 l\u2019objectif de toute information contenue dans ces sites Web et n\u2019aura aucune responsabilit\u00e9 pour toute perte, tout dommage ou tout co\u00fbt de quelque nature que ce soit d\u00e9coulant de ces informations. L\u2019inclusion de tout site externe n\u2019implique pas une approbation ou une recommandation par Bausch\u00a0+\u00a0Lomb et Bausch\u00a0+\u00a0Lomb ne fournit aucune repr\u00e9sentation ou garantie quant au contenu de ces sites Web externes.<\/p>\n<p><strong>5. Droits de propri\u00e9t\u00e9 intellectuelle<\/strong><\/p>\n<p>Tous les noms de marque, caract\u00e8res, slogans, logos, marques de service et marques commerciales, qu\u2019ils apparaissent ou non en italique, en gras et\/ou en gros caract\u00e8res, avec ou sans les symboles de marque commerciale, sont la propri\u00e9t\u00e9 de Bausch\u00a0+\u00a0Lomb ou de ses filiales, ou sont conc\u00e9d\u00e9s via une licence \u00e0 Bausch\u00a0+\u00a0Lomb ou ses filiales, et sont prot\u00e9g\u00e9s contre la reproduction, l\u2019imitation, la dilution ou les utilisations trompeuses ou cr\u00e9ant la confusion en vertu des lois nationales et internationales sur les marques commerciales et les droits d\u2019auteur.<\/p>\n<p>Toute utilisation non autoris\u00e9e du contenu, des marques commerciales ou de tout mat\u00e9riel peut \u00eatre en violation des lois relatives aux droits d\u2019auteur, aux marques commerciales, \u00e0 la concurrence d\u00e9loyale, \u00e0 la publicit\u00e9 mensong\u00e8re, \u00e0 la protection de la vie priv\u00e9e et\/ou d\u2019autres lois et\/ou lois internationales, et peut porter atteinte aux droits de Bausch\u00a0+\u00a0Lomb ou de ses filiales.\u00a0 Une telle utilisation non autoris\u00e9e peut engager votre responsabilit\u00e9 personnelle, y compris votre \u00e9ventuelle responsabilit\u00e9 p\u00e9nale.\u00a0Cela inclut l\u2019ensemble du contenu du site Web, qui est prot\u00e9g\u00e9 par des droits d\u2019auteur et en tant qu\u2019\u0153uvre collective. Veuillez noter que Bausch\u00a0+\u00a0Lomb fait valoir ses droits de propri\u00e9t\u00e9 intellectuelle de mani\u00e8re active et agressive dans toute la mesure permise par la loi.<\/p>\n<p>Reproduction d\u2019images et d\u2019autres \u00e9l\u00e9ments prot\u00e9g\u00e9s par le droit d\u2019auteur. Comme pour toute image, la possession d\u2019une copie d\u2019une image num\u00e9ris\u00e9e n\u2019accorde pas de droits illimit\u00e9s pour son utilisation. Le droit d\u2019auteur d\u2019une image est g\u00e9n\u00e9ralement d\u00e9tenu par le photographe et seul le titulaire du droit d\u2019auteur, ou le repr\u00e9sentant l\u00e9gal de ce titulaire, peut accorder l\u2019autorisation de copier, de distribuer ou d\u2019afficher publiquement l\u2019image concern\u00e9e.<\/p>\n<p>Il est ill\u00e9gal de reproduire des photographies prises par un photographe professionnel ou d\u2019autres contenus prot\u00e9g\u00e9s par le droit d\u2019auteur sans l\u2019autorisation du titulaire du droit d\u2019auteur.<\/p>\n<p>Utilisation des informations contenues dans le pr\u00e9sent site Web. Les droits d\u2019auteur des images et autres contenus h\u00e9berg\u00e9s sur le pr\u00e9sent site Web sont d\u00e9tenus par\u00a0Bausch\u00a0+\u00a0Lomb ou les photographes individuels ayant donn\u00e9 leur autorisation pour une utilisation sur le pr\u00e9sent site Web.<\/p>\n<p>Utilisation d\u2019autres images et informations. Les autres images et informations peuvent \u00eatre t\u00e9l\u00e9charg\u00e9es, r\u00e9imprim\u00e9es et reproduites \u00e0 des fins non commerciales et priv\u00e9es. Les autres images et informations ne sauraient \u00eatre manipul\u00e9es ou modifi\u00e9es sans l\u2019autorisation expresse de Bausch\u00a0+\u00a0Lomb ou du photographe.<\/p>\n<p>Le pr\u00e9sent site Web peut h\u00e9berger des contenus soumis \u00e0 la propri\u00e9t\u00e9 intellectuelle appartenant \u00e0 des tiers, y compris, sans que cela s\u2019y limite, des partenaires promotionnels et commerciaux, des conc\u00e9dants de licence, des titulaires de licence, des sponsors et des annonceurs.\u00a0\u00a0Les noms de produit\/de marque tiers sont des marques d\u00e9pos\u00e9es de leurs propri\u00e9taires respectifs.<\/p>\n<p>Le contenu du pr\u00e9sent site Web ne peut \u00eatre copi\u00e9 qu\u2019\u00e0 des fins de r\u00e9f\u00e9rence individuelle non commerciale, en pr\u00e9servant tous les droits d\u2019auteur et autres avis de propri\u00e9t\u00e9, et ne peut ensuite \u00eatre recopi\u00e9, reproduit ou redistribu\u00e9 d\u2019une autre mani\u00e8re. Sauf autorisation expresse susmentionn\u00e9e, vous n\u2019\u00eates pas autoris\u00e9 \u00e0 copier, afficher, t\u00e9l\u00e9charger, distribuer, modifier, reproduire, republier ou retransmettre les informations, textes ou documents contenus dans le pr\u00e9sent site Web, ou toute partie de celui-ci, sur tout support \u00e9lectronique ou sur papier, ni \u00e0 cr\u00e9er une \u0153uvre d\u00e9riv\u00e9e se basant dessus, sans l\u2019autorisation \u00e9crite expresse de Bausch\u00a0+\u00a0Lomb.<\/p>\n<p><strong>6. Droit applicable<\/strong><\/p>\n<p>Les pr\u00e9sentes Conditions d\u2019utilisation et votre utilisation du site Web sont r\u00e9gies et interpr\u00e9t\u00e9es conform\u00e9ment au droit anglais. Les tribunaux anglais seront les seuls comp\u00e9tents pour tout litige li\u00e9 au pr\u00e9sent site Web.\u00a0Si une disposition des pr\u00e9sentes Conditions d\u2019utilisation est jug\u00e9e ill\u00e9gale, nulle ou inapplicable pour quelque raison que ce soit, cette disposition sera consid\u00e9r\u00e9e comme nulle mais n\u2019affectera pas la validit\u00e9 et l\u2019applicabilit\u00e9 des autres dispositions.<\/p><\/div><\/div><\/div><\/div><\/div><\/div>\n","protected":false},"excerpt":{"rendered":"<p>Conditions d\u2019utilisation\/Mentions l\u00e9gales Le pr\u00e9sent site Web (www.academyofvisioncare.com) est exploit\u00e9 par Bausch\u00a0&amp;\u00a0Lomb U.K. Limited (\u00ab\u00a0Bausch\u00a0+\u00a0Lomb\u00a0\u00bb, \u00ab\u00a0nous\u00a0\u00bb ou \u00ab\u00a0notre\u00a0\u00bb).\u00a0\u00a0 Nous sommes enregistr\u00e9s en Angleterre et au Pays de Galles sous le num\u00e9ro de soci\u00e9t\u00e9\u00a0143720 et notre si\u00e8ge social se situe au One, Fleet Place, Londres, EC4M\u00a07WS. Notre adresse commerciale principale est\u00a0106\u00a0London Rd, Kingston upon Thames, KT2\u00a06TN. L\u2019utilisation de notre site Web &#8230;<\/p>\n","protected":false},"author":4,"featured_media":3005,"parent":0,"menu_order":0,"comment_status":"closed","ping_status":"closed","template":"","meta":{"_acf_changed":false,"inline_featured_image":false,"_themeisle_gutenberg_block_has_review":false,"footnotes":""},"class_list":["post-1609","page","type-page","status-publish","has-post-thumbnail","hentry"],"acf":[],"_links":{"self":[{"href":"https:\/\/academyofvisioncare.com\/fr\/wp-json\/wp\/v2\/pages\/1609","targetHints":{"allow":["GET"]}}],"collection":[{"href":"https:\/\/academyofvisioncare.com\/fr\/wp-json\/wp\/v2\/pages"}],"about":[{"href":"https:\/\/academyofvisioncare.com\/fr\/wp-json\/wp\/v2\/types\/page"}],"author":[{"embeddable":true,"href":"https:\/\/academyofvisioncare.com\/fr\/wp-json\/wp\/v2\/users\/4"}],"replies":[{"embeddable":true,"href":"https:\/\/academyofvisioncare.com\/fr\/wp-json\/wp\/v2\/comments?post=1609"}],"version-history":[{"count":9,"href":"https:\/\/academyofvisioncare.com\/fr\/wp-json\/wp\/v2\/pages\/1609\/revisions"}],"predecessor-version":[{"id":3075,"href":"https:\/\/academyofvisioncare.com\/fr\/wp-json\/wp\/v2\/pages\/1609\/revisions\/3075"}],"wp:featuredmedia":[{"embeddable":true,"href":"https:\/\/academyofvisioncare.com\/fr\/wp-json\/wp\/v2\/media\/3005"}],"wp:attachment":[{"href":"https:\/\/academyofvisioncare.com\/fr\/wp-json\/wp\/v2\/media?parent=1609"}],"curies":[{"name":"wp","href":"https:\/\/api.w.org\/{rel}","templated":true}]}}