{"id":16,"date":"2021-06-03T10:38:43","date_gmt":"2021-06-03T09:38:43","guid":{"rendered":"https:\/\/academyofvisioncare.com\/it\/?page_id=16"},"modified":"2025-10-27T14:07:00","modified_gmt":"2025-10-27T14:07:00","slug":"sign-up","status":"publish","type":"page","link":"https:\/\/academyofvisioncare.com\/it\/sign-up\/","title":{"rendered":"Unisciti alla&#8217;Academy of Vision Care"},"content":{"rendered":"<div id=\"cs-content\" class=\"cs-content\"><div class=\"x-section e16-e1 mg-0\"><div class=\"x-row e16-e2 mg-1 mg-2 mg-4 mg-5\"><div class=\"x-row-inner\"><div class=\"x-col e16-e3 mg-7 mg-8 mg-9\"><div class=\"x-text x-text-headline e16-e4 mg-b\"><div class=\"x-text-content\"><div class=\"x-text-content-text\"><h1 class=\"x-text-content-text-primary\">Inscriviti Alla'Academy of Vision Care<\/h1><\/div><\/div><\/div><\/div><div class=\"x-col e16-e5 mg-7 mg-8\"><hr class=\"x-line e16-e6 mg-c\"\/><div class=\"x-text x-content e16-e7 mg-d\"><\/div><\/div><\/div><\/div><div class=\"x-row e16-e8 mg-1 mg-3 mg-4 mg-6\"><div class=\"x-row-inner\"><div class=\"x-col e16-e9 mg-7 mg-a\">        <form enctype=\"multipart\/form-data\" method=\"post\" id=\"wppb-register-user-reg-form\" class=\"wppb-user-forms wppb-register-user wppb-user-logged-out\" action=\"https:\/\/academyofvisioncare.com\/it\/wp-json\/wp\/v2\/pages\/16\">\n\t\t\t<ul><li class=\"wppb-form-field wppb-default-first-name\" id=\"wppb-form-element-3\">\n\t\t\t<label for=\"first_name\">Nome<span class=\"wppb-required\" title=\"Questo campo \u00e8 obbligatorio \">*<\/span><\/label>\n\t\t\t<input class=\"text-input default_field_firstname \" name=\"first_name\" maxlength=\"70\" type=\"text\" id=\"first_name\" value=\"\"  \/><\/li><li class=\"wppb-form-field wppb-default-last-name\" id=\"wppb-form-element-4\">\n\t\t\t<label for=\"last_name\">Cognome<span class=\"wppb-required\" title=\"Questo campo \u00e8 obbligatorio \">*<\/span><\/label>\n\t\t\t<input class=\"text-input default_field_lastname \" name=\"last_name\" maxlength=\"70\" type=\"text\" id=\"last_name\" value=\"\" \/><\/li><li class=\"wppb-form-field wppb-default-e-mail\" id=\"wppb-form-element-8\">\n\t\t\t<label for=\"email\">E-mail<span class=\"wppb-required\" title=\"Questo campo \u00e8 obbligatorio \">*<\/span><\/label>\n\t\t\t<input class=\"text-input default_field_email \" name=\"email\" maxlength=\"70\" type=\"email\" id=\"email\" value=\"\"   \/><\/li><li class=\"wppb-form-field wppb-select\" id=\"wppb-form-element-14\">\n\t\t\t\t<label for=\"profession\">Professione<span class=\"wppb-required\" title=\"Questo campo \u00e8 obbligatorio \">*<\/span><\/label>\n\t\t\t\t<select name=\"profession\" id=\"profession\" class=\"custom_field_select\" ><option value=\"\" class=\"custom_field_select_option \"  selected>Nessuna Opzione Selezionata<\/option><option value=\"1\" class=\"custom_field_select_option \" >Optometrista<\/option><option value=\"2\" class=\"custom_field_select_option \" >Ottico<\/option><option value=\"3\" class=\"custom_field_select_option \" >Oculista<\/option><option value=\"4\" class=\"custom_field_select_option \" >Studente<\/option><option value=\"5\" class=\"custom_field_select_option \" >Addetto Vendite<\/option><option value=\"6\" class=\"custom_field_select_option \" >Responsabile di Negozio<\/option><option value=\"7\" class=\"custom_field_select_option \" >Altro Professionista Della Visione<\/option>\n\t\t\t\t<\/select><\/li><li class=\"wppb-form-field wppb-input\" id=\"wppb-form-element-15\">\n\t\t\t\t<label for=\"professional_number\">Numero Di Telefono Aziendale<\/label>\n\t\t\t\t<input class=\"extra_field_input \" name=\"professional_number\" maxlength=\"250\" type=\"text\" id=\"professional_number\" value=\"\" \/><\/li><li class=\"wppb-form-field wppb-input\" id=\"wppb-form-element-16\">\n\t\t\t\t<label for=\"practice_name\">Ragione Sociale<span class=\"wppb-required\" title=\"Questo campo \u00e8 obbligatorio \">*<\/span><\/label>\n\t\t\t\t<input class=\"extra_field_input \" name=\"practice_name\" maxlength=\"250\" type=\"text\" id=\"practice_name\" value=\"\" \/><\/li><li class=\"wppb-form-field wppb-input\" id=\"wppb-form-element-18\">\n\t\t\t\t<label for=\"practice_number\">Ship To<\/label>\n\t\t\t\t<input class=\"extra_field_input \" name=\"practice_number\" maxlength=\"250\" type=\"text\" id=\"practice_number\" value=\"\" \/><\/li><li class=\"wppb-form-field wppb-default-password\" id=\"wppb-form-element-12\">\n\t\t\t<label for=\"passw1\">Password<span class=\"wppb-required\" title=\"Questo campo \u00e8 obbligatorio \">*<\/span><\/label>\n            <span class=\"wppb-password-field-container\">\n\t\t\t    <input class=\"text-input \" name=\"passw1\" maxlength=\"70\" type=\"password\" id=\"passw1\" value=\"\" autocomplete=\"off\" \/>\n\t\t\t     <!-- add the HTML for the visibility toggle -->\n\t\t\t<\/span><span class=\"wppb-description-delimiter\"> <\/span><\/li><li class=\"wppb-form-field wppb-default-repeat-password\" id=\"wppb-form-element-31\">\n\t\t\t<label for=\"passw2\">Ripeti Password<span class=\"wppb-required\" title=\"Questo campo \u00e8 obbligatorio \">*<\/span><\/label>\n\t\t\t<span class=\"wppb-password-field-container\">\n\t\t\t    <input class=\"text-input \" name=\"passw2\" maxlength=\"70\" type=\"password\" id=\"passw2\" value=\"\" autocomplete=\"off\" \/>\n\t\t\t     <!-- add the HTML for the visibility toggle -->\n\t\t\t<\/span><\/li><li class=\"wppb-form-field wppb-heading\" id=\"wppb-form-element-20\"><h4 class=\"extra_field_heading\">Preferenze Di Comunicazione<\/h4><span class=\"wppb-description-delimiter\"><\/span><\/li><li class=\"wppb-form-field wppb-heading\" id=\"wppb-form-element-34\"><h6 class=\"extra_field_heading\"><\/h6><span class=\"wppb-description-delimiter\">Sulla base del suo consenso qui di seguito \"Bausch+Lomb\" tratter\u00e0 i suoi dati personali per inviarle tramite il suo indirizzo e-mail o qualsiasi altra modalit\u00e0 di comunicazione elettronica materiale di marketing personalizzato relativo a prodotti e servizi e altre comunicazioni di marketing generali, annunci e newsletter che Bausch + Lomb potr\u00e0 inviarle di volta in volta allo scopo di condividere informazioni per sviluppare e gestire il nostro rapporto professionale. Il vostro consenso \u00e8 del tutto volontario e non siete obbligati ad acconsentire. Se acconsentite, potete successivamente rinunciare a ricevere comunicazioni di marketing da parte nostra in qualsiasi momento, aggiornando le vostre preferenze nel vostro profilo. <strong><a href=\"\/it\/hcp-privacy-notice\">Visualizza l'informativa sulla privacy di HCPs.<\/a><\/strong><\/span><\/li><li class=\"wppb-form-field wppb-checkbox marketing-consent-field\" id=\"wppb-form-element-32\">\n\t\t\t\t<label for=\"communication_prefs_bl_updates\"><\/label><ul class=\"wppb-checkboxes\"><li class=\"wppb-hidden\"><input type=\"hidden\" value=\"\" name=\"communication_prefs_bl_updates\"><\/li><li><input value=\"yes\" class=\"custom_field_checkbox\" name=\"communication_prefs_bl_updates[]\" id=\"yes_32\" type=\"checkbox\"   \/><label for=\"yes_32\" class=\"wppb-rc-value\">Acconsento alla raccolta e all'utilizzo dei miei dati.<\/label><\/li><\/ul><\/li><li class=\"wppb-form-field wppb-heading\" id=\"wppb-form-element-37\"><h4 class=\"extra_field_heading\">Dichiarazione<\/h4><span class=\"wppb-description-delimiter\"><\/span><\/li><li class=\"wppb-form-field wppb-heading\" id=\"wppb-form-element-38\"><h4 class=\"extra_field_heading\"><\/h4><span class=\"wppb-description-delimiter\">La Bausch+Lomb Academy \u00e8 destinata esclusivamente all'uso da parte di professionisti della visione e non \u00e8 destinata ad essere utilizzata per alcuna diagnosi o raccomandazione di trattamento, n\u00e9 a sostituire il giudizio clinico o il parere di un operatore sanitario qualificato. Seleziona la casella sottostante per accedere al sito web.<\/span><\/li><li class=\"wppb-form-field wppb-checkbox\" id=\"wppb-form-element-39\">\n\t\t\t\t<label for=\"b+l_hcp_declaration\"><\/label><ul class=\"wppb-checkboxes\"><li class=\"wppb-hidden\"><input type=\"hidden\" value=\"\" name=\"b+l_hcp_declaration\"><\/li><\/ul><\/li><li class=\"wppb-1website-url\" id=\"wppb-form-element-36\">\n            <label for=\"1_website_url1\" style=\"position: absolute; left: -9999px;\">Honeypot<\/label>\n            <input class=\"\" name=\"1_website_url1\" maxlength=\"250\" type=\"text\" id=\"1_website_url\" tabindex=\"-1\" autocomplete=\"nope\" style=\"position: absolute; left: -9999px;\" value=\"\" \/><\/li><\/ul><ul><\/ul>\t\t\t<p class=\"form-submit\"  >\n\t\t\t\t                \t\t\t\t<input name=\"register\" type=\"submit\" id=\"register\" class=\"submit button\" value=\"Registrati \" \/>\n                <input name=\"redirect_to\" type=\"hidden\" value=\"\" \/>\n                \t\t\t\t<input name=\"action\" type=\"hidden\" id=\"action\" value=\"register\" \/>\n\t\t\t\t<input name=\"form_name\" type=\"hidden\" id=\"form_name\" value=\"reg-form\" \/>\n\t\t\t\t<input name=\"form_id\" type=\"hidden\" id=\"form_id\" value=\"19\" \/>\n\t\t\t\t<input type=\"hidden\" name=\"wppb_referer_url\" value=\"\"\/>\t\t\t<\/p><!-- .form-submit -->\n\t\t\t<input type=\"hidden\" id=\"register_reg-form_nonce_field\" name=\"register_reg-form_nonce_field\" value=\"fc3f7f0fd8\" \/><input type=\"hidden\" name=\"_wp_http_referer\" value=\"\/it\/wp-json\/wp\/v2\/pages\/16\" \/>\t\t<\/form>\n\t\t<\/div><\/div><\/div><\/div><\/div>\n","protected":false},"excerpt":{"rendered":"<p>Inscriviti Alla&#8217;Academy of Vision Care Nome* Cognome* E-mail* Professione* Nessuna Opzione SelezionataOptometristaOtticoOculistaStudenteAddetto VenditeResponsabile di NegozioAltro Professionista Della Visione Numero Di Telefono Aziendale Ragione Sociale* Ship To Password* Ripeti Password* Preferenze Di ComunicazioneSulla base del suo consenso qui di seguito &#8220;Bausch+Lomb&#8221; tratter\u00e0 i suoi dati personali per inviarle tramite il suo indirizzo e-mail o qualsiasi altra modalit\u00e0 di comunicazione elettronica materiale &#8230;<\/p>\n","protected":false},"author":3,"featured_media":3125,"parent":0,"menu_order":0,"comment_status":"closed","ping_status":"closed","template":"","meta":{"_acf_changed":false,"inline_featured_image":false,"_themeisle_gutenberg_block_has_review":false,"footnotes":""},"class_list":["post-16","page","type-page","status-publish","has-post-thumbnail","hentry"],"acf":[],"_links":{"self":[{"href":"https:\/\/academyofvisioncare.com\/it\/wp-json\/wp\/v2\/pages\/16","targetHints":{"allow":["GET"]}}],"collection":[{"href":"https:\/\/academyofvisioncare.com\/it\/wp-json\/wp\/v2\/pages"}],"about":[{"href":"https:\/\/academyofvisioncare.com\/it\/wp-json\/wp\/v2\/types\/page"}],"author":[{"embeddable":true,"href":"https:\/\/academyofvisioncare.com\/it\/wp-json\/wp\/v2\/users\/3"}],"replies":[{"embeddable":true,"href":"https:\/\/academyofvisioncare.com\/it\/wp-json\/wp\/v2\/comments?post=16"}],"version-history":[{"count":17,"href":"https:\/\/academyofvisioncare.com\/it\/wp-json\/wp\/v2\/pages\/16\/revisions"}],"predecessor-version":[{"id":3202,"href":"https:\/\/academyofvisioncare.com\/it\/wp-json\/wp\/v2\/pages\/16\/revisions\/3202"}],"wp:featuredmedia":[{"embeddable":true,"href":"https:\/\/academyofvisioncare.com\/it\/wp-json\/wp\/v2\/media\/3125"}],"wp:attachment":[{"href":"https:\/\/academyofvisioncare.com\/it\/wp-json\/wp\/v2\/media?parent=16"}],"curies":[{"name":"wp","href":"https:\/\/api.w.org\/{rel}","templated":true}]}}