{"id":231,"date":"2021-08-02T18:42:29","date_gmt":"2021-08-02T17:42:29","guid":{"rendered":"https:\/\/academyofvisioncare.com\/mx\/?page_id=231"},"modified":"2025-11-02T16:09:12","modified_gmt":"2025-11-02T16:09:12","slug":"reset-password","status":"publish","type":"page","link":"https:\/\/academyofvisioncare.com\/mx\/reset-password\/","title":{"rendered":"Reset password"},"content":{"rendered":"\n<p><strong><div class=\"wppb_holder\" id=\"wppb-recover-password-container\">\t<form enctype=\"multipart\/form-data\" method=\"post\" id=\"wppb-recover-password\" class=\"wppb-user-forms\" action=\"https:\/\/academyofvisioncare.com\/mx\/wp-json\/wp\/v2\/pages\/231\">\n\t<p>Introduzca su direcci\u00f3n de correo electr\u00f3nico<br \/>Recibir\u00e1s un enlace para crear una nueva contrase\u00f1a por correo electr\u00f3nico.<\/p><ul>\n\t\t\t<li class=\"wppb-form-field wppb-username-email\">\n\t\t\t\t<label for=\"username_email\">E-MAIL<\/label>\n\t\t\t\t<input class=\"text-input\" name=\"username_email\" type=\"text\" id=\"username_email\" value=\"\" required \/>\n\t\t\t<\/li><!-- .username_email --><\/ul>\t<p class=\"form-submit\">\n\t\t\t\t<input name=\"recover_password\" type=\"submit\" id=\"wppb-recover-password-button\" class=\"submit button\" value=\"Conseguir nueva contrase\u00f1a\" \/>\n\t\t<input name=\"action\" type=\"hidden\" id=\"action\" value=\"recover_password\" \/>\n\t<\/p>\n\t<input type=\"hidden\" id=\"password_recovery_nonce_field\" name=\"password_recovery_nonce_field\" value=\"af0e1749bc\" \/><input type=\"hidden\" name=\"_wp_http_referer\" value=\"\/mx\/wp-json\/wp\/v2\/pages\/231\" \/>\t<\/form>\n\t<\/div><\/strong><\/p>\n","protected":false},"excerpt":{"rendered":"","protected":false},"author":3,"featured_media":3101,"parent":0,"menu_order":0,"comment_status":"closed","ping_status":"closed","template":"","meta":{"_acf_changed":false,"inline_featured_image":false,"_themeisle_gutenberg_block_has_review":false,"footnotes":""},"class_list":["post-231","page","type-page","status-publish","has-post-thumbnail","hentry"],"acf":[],"_links":{"self":[{"href":"https:\/\/academyofvisioncare.com\/mx\/wp-json\/wp\/v2\/pages\/231","targetHints":{"allow":["GET"]}}],"collection":[{"href":"https:\/\/academyofvisioncare.com\/mx\/wp-json\/wp\/v2\/pages"}],"about":[{"href":"https:\/\/academyofvisioncare.com\/mx\/wp-json\/wp\/v2\/types\/page"}],"author":[{"embeddable":true,"href":"https:\/\/academyofvisioncare.com\/mx\/wp-json\/wp\/v2\/users\/3"}],"replies":[{"embeddable":true,"href":"https:\/\/academyofvisioncare.com\/mx\/wp-json\/wp\/v2\/comments?post=231"}],"version-history":[{"count":3,"href":"https:\/\/academyofvisioncare.com\/mx\/wp-json\/wp\/v2\/pages\/231\/revisions"}],"predecessor-version":[{"id":3161,"href":"https:\/\/academyofvisioncare.com\/mx\/wp-json\/wp\/v2\/pages\/231\/revisions\/3161"}],"wp:featuredmedia":[{"embeddable":true,"href":"https:\/\/academyofvisioncare.com\/mx\/wp-json\/wp\/v2\/media\/3101"}],"wp:attachment":[{"href":"https:\/\/academyofvisioncare.com\/mx\/wp-json\/wp\/v2\/media?parent=231"}],"curies":[{"name":"wp","href":"https:\/\/api.w.org\/{rel}","templated":true}]}}