{"id":16,"date":"2021-06-03T10:38:43","date_gmt":"2021-06-03T08:38:43","guid":{"rendered":"https:\/\/academyofvisioncare.com\/nl\/?page_id=16"},"modified":"2025-10-28T15:46:08","modified_gmt":"2025-10-28T14:46:08","slug":"sign-up","status":"publish","type":"page","link":"https:\/\/academyofvisioncare.com\/nl\/sign-up\/","title":{"rendered":"Word lid van de academy of vision care"},"content":{"rendered":"<div id=\"cs-content\" class=\"cs-content\"><div class=\"x-section e16-e1 mg-0\"><div class=\"x-row e16-e2 mg-1 mg-2 mg-4 mg-5\"><div class=\"x-row-inner\"><div class=\"x-col e16-e3 mg-7 mg-8 mg-9\"><div class=\"x-text x-text-headline e16-e4 mg-b\"><div class=\"x-text-content\"><div class=\"x-text-content-text\"><h1 class=\"x-text-content-text-primary\">Word lid van de Academy of Vision Care<\/h1><\/div><\/div><\/div><\/div><div class=\"x-col e16-e5 mg-7 mg-8\"><hr class=\"x-line e16-e6 mg-c\"\/><div class=\"x-text x-content e16-e7 mg-d\"><\/div><\/div><\/div><\/div><div class=\"x-row e16-e8 mg-1 mg-3 mg-4 mg-6\"><div class=\"x-row-inner\"><div class=\"x-col e16-e9 mg-7 mg-a\">        <form enctype=\"multipart\/form-data\" method=\"post\" id=\"wppb-register-user-reg-form\" class=\"wppb-user-forms wppb-register-user wppb-user-logged-out\" action=\"https:\/\/academyofvisioncare.com\/nl\/wp-json\/wp\/v2\/pages\/16\">\n\t\t\t<ul><li class=\"wppb-form-field wppb-default-first-name\" id=\"wppb-form-element-3\">\n\t\t\t<label for=\"first_name\">Voornaam<span class=\"wppb-required\" title=\"Dit veld is vereist\">*<\/span><\/label>\n\t\t\t<input class=\"text-input default_field_firstname \" name=\"first_name\" maxlength=\"70\" type=\"text\" id=\"first_name\" value=\"\"  \/><\/li><li class=\"wppb-form-field wppb-default-last-name\" id=\"wppb-form-element-4\">\n\t\t\t<label for=\"last_name\">Achternaam<span class=\"wppb-required\" title=\"Dit veld is vereist\">*<\/span><\/label>\n\t\t\t<input class=\"text-input default_field_lastname \" name=\"last_name\" maxlength=\"70\" type=\"text\" id=\"last_name\" value=\"\" \/><\/li><li class=\"wppb-form-field wppb-default-e-mail\" id=\"wppb-form-element-8\">\n\t\t\t<label for=\"email\">E-mail<span class=\"wppb-required\" title=\"Dit veld is vereist\">*<\/span><\/label>\n\t\t\t<input class=\"text-input default_field_email \" name=\"email\" maxlength=\"70\" type=\"email\" id=\"email\" value=\"\"   \/><\/li><li class=\"wppb-form-field wppb-select\" id=\"wppb-form-element-14\">\n\t\t\t\t<label for=\"profession\">Beroep<span class=\"wppb-required\" title=\"Dit veld is vereist\">*<\/span><\/label>\n\t\t\t\t<select name=\"profession\" id=\"profession\" class=\"custom_field_select\" ><option value=\"\" class=\"custom_field_select_option \"  selected>GEEN GESELECTEERD<\/option><option value=\"1\" class=\"custom_field_select_option \" >Optometrist<\/option><option value=\"2\" class=\"custom_field_select_option \" >Apotheekhoudende opticien<\/option><option value=\"3\" class=\"custom_field_select_option \" >Contactlens opticien<\/option><option value=\"4\" class=\"custom_field_select_option \" >Oogarts<\/option><option value=\"5\" class=\"custom_field_select_option \" >Student<\/option><option value=\"6\" class=\"custom_field_select_option \" >Winkelmedewerker<\/option><option value=\"7\" class=\"custom_field_select_option \" >Praktijkmanagement<\/option><option value=\"8\" class=\"custom_field_select_option \" >Andere professional in de oogzorg<\/option>\n\t\t\t\t<\/select><\/li><li class=\"wppb-form-field wppb-input\" id=\"wppb-form-element-15\">\n\t\t\t\t<label for=\"professional_number\">Professioneel nummer<\/label>\n\t\t\t\t<input class=\"extra_field_input \" name=\"professional_number\" maxlength=\"250\" type=\"text\" id=\"professional_number\" value=\"\" \/><\/li><li class=\"wppb-form-field wppb-input\" id=\"wppb-form-element-16\">\n\t\t\t\t<label for=\"practice_name\">Naam van de praktijk<span class=\"wppb-required\" title=\"Dit veld is vereist\">*<\/span><\/label>\n\t\t\t\t<input class=\"extra_field_input \" name=\"practice_name\" maxlength=\"250\" type=\"text\" id=\"practice_name\" value=\"\" \/><\/li><li class=\"wppb-form-field wppb-select-country\" id=\"wppb-form-element-35\">\n\t\t\t\t<label for=\"custom_field_1\">Land<span class=\"wppb-required\" title=\"Dit veld is vereist\">*<\/span><\/label>\n\t\t\t\t<select name=\"custom_field_1\" id=\"custom_field_1\" class=\"custom_field_country_select \" ><option value=\"\">Selecteer een land<\/option><option value=\"AF\">Afghanistan<\/option><option value=\"AX\">Aland Eilanden<\/option><option value=\"AL\">Albani\u00eb<\/option><option value=\"DZ\">Algerije<\/option><option value=\"AS\">Amerikaans Samoa<\/option><option value=\"AD\">Andorra<\/option><option value=\"AO\">Angola<\/option><option value=\"AI\">Anguilla<\/option><option value=\"AQ\">Antarctica<\/option><option value=\"AG\">Antigua en Barbuda<\/option><option value=\"AR\">Argentini\u00eb<\/option><option value=\"AM\">Armeni\u00eb<\/option><option value=\"AW\">Aruba<\/option><option value=\"AU\">Australi\u00eb<\/option><option value=\"AT\">Oostenrijk<\/option><option value=\"AZ\">Azerbeidzjan<\/option><option value=\"BS\">Bahamas<\/option><option value=\"BH\">Bahrain<\/option><option value=\"BD\">Bangladesh<\/option><option value=\"BB\">Barbados<\/option><option value=\"BY\">Wit-Rusland<\/option><option value=\"BE\">Belgi\u00eb<\/option><option value=\"BZ\">Belize<\/option><option value=\"BJ\">Benin<\/option><option value=\"BM\">Bermuda<\/option><option value=\"BT\">Bhutan<\/option><option value=\"BO\">Bolivia<\/option><option value=\"BQ\">Bonaire, Sint Eustatius en Saba<\/option><option value=\"BA\">Bosnie en Herzegovina<\/option><option value=\"BW\">Botswana<\/option><option value=\"BV\">Bouvet Eiland<\/option><option value=\"BR\">Brazili\u00eb<\/option><option value=\"IO\">Brits Indische Oceaanterritorium<\/option><option value=\"VG\">Britse Maagdeneilanden<\/option><option value=\"BN\">Brunei<\/option><option value=\"BG\">Bulgarije<\/option><option value=\"BF\">Burkina Faso<\/option><option value=\"BI\">Burundi<\/option><option value=\"KH\">Cambodja<\/option><option value=\"CM\">Kameroen<\/option><option value=\"CA\">Canada<\/option><option value=\"CV\">Kaapverdi\u00eb<\/option><option value=\"KY\">Kaaimaneilanden<\/option><option value=\"CF\">Centraal Afrikaanse Republiek<\/option><option value=\"TD\">Tsjaad<\/option><option value=\"CL\">Chili<\/option><option value=\"CN\">China<\/option><option value=\"CX\">Kersteiland<\/option><option value=\"CC\">Cocoseilanden<\/option><option value=\"CO\">Colombia<\/option><option value=\"KM\">Comoren<\/option><option value=\"CK\">Cookeilanden<\/option><option value=\"CR\">Costa Rica<\/option><option value=\"HR\">Kroati\u00eb<\/option><option value=\"CU\">Cuba<\/option><option value=\"CW\">Curacao<\/option><option value=\"CY\">Cyprus<\/option><option value=\"CZ\">Tsjechi\u00eb<\/option><option value=\"CD\">Democratische Republiek Congo<\/option><option value=\"DK\">Denemarken<\/option><option value=\"DJ\">Djibouti<\/option><option value=\"DM\">Dominica<\/option><option value=\"DO\">Dominicaanse Republiek<\/option><option value=\"TL\">Oost Timor<\/option><option value=\"EC\">Ecuador<\/option><option value=\"EG\">Egypte<\/option><option value=\"SV\">El Salvador<\/option><option value=\"GQ\">Equatoriaal Guinea<\/option><option value=\"ER\">Eritrea<\/option><option value=\"EE\">Estland<\/option><option value=\"ET\">Ethiopi\u00eb<\/option><option value=\"FK\">Falklandeilanden<\/option><option value=\"FO\">Faer\u00f6er<\/option><option value=\"FJ\">Fiji<\/option><option value=\"FI\">Finland<\/option><option value=\"FR\">Frankrijk<\/option><option value=\"GF\">Frans Guyana<\/option><option value=\"PF\">Frans Polynesi\u00eb<\/option><option value=\"TF\">Franse Zuidelijke Gebieden<\/option><option value=\"GA\">Gabon<\/option><option value=\"GM\">Gambia<\/option><option value=\"GE\">Georgi\u00eb<\/option><option value=\"DE\">Duitsland<\/option><option value=\"GH\">Ghana<\/option><option value=\"GI\">Gibraltar<\/option><option value=\"GR\">Griekenland<\/option><option value=\"GL\">Groenland<\/option><option value=\"GD\">Grenada<\/option><option value=\"GP\">Guadeloupe<\/option><option value=\"GU\">Guam<\/option><option value=\"GT\">Guatemala<\/option><option value=\"GG\">Guernsey<\/option><option value=\"GN\">Guinea<\/option><option value=\"GW\">Guinea-Bissau<\/option><option value=\"GY\">Guyana<\/option><option value=\"HT\">Haiti<\/option><option value=\"HM\">Heard en McDonaldeilanden<\/option><option value=\"HN\">Honduras<\/option><option value=\"HK\">Hong Kong<\/option><option value=\"HU\">Hongarije<\/option><option value=\"IS\">IJsland<\/option><option value=\"IN\">India<\/option><option value=\"ID\">Indonesi\u00eb<\/option><option value=\"IR\">Iran<\/option><option value=\"IQ\">Irak<\/option><option value=\"IE\">Ierland<\/option><option value=\"IM\">Man<\/option><option value=\"IL\">Israel<\/option><option value=\"IT\">Itali\u00eb<\/option><option value=\"CI\">Ivoorkust<\/option><option value=\"JM\">Jamaica<\/option><option value=\"JP\">Japan<\/option><option value=\"JE\">Jersey<\/option><option value=\"JO\">Jordani\u00eb<\/option><option value=\"KZ\">Kazakhstan<\/option><option value=\"KE\">Kenia<\/option><option value=\"KI\">Kiribati<\/option><option value=\"XK\">Kosovo<\/option><option value=\"KW\">Koeweit<\/option><option value=\"KG\">Kirgizi\u00eb<\/option><option value=\"LA\">Laos<\/option><option value=\"LV\">Letland<\/option><option value=\"LB\">Libanon<\/option><option value=\"LS\">Lesotho<\/option><option value=\"LR\">Liberia<\/option><option value=\"LY\">Libi\u00eb<\/option><option value=\"LI\">Liechtenstein<\/option><option value=\"LT\">Litouwen<\/option><option value=\"LU\">Luxemburg<\/option><option value=\"MO\">Macao<\/option><option value=\"MK\">Macedoni\u00eb<\/option><option value=\"MG\">Madagascar<\/option><option value=\"MW\">Malawi<\/option><option value=\"MY\">Maleisi\u00eb<\/option><option value=\"MV\">Malediven<\/option><option value=\"ML\">Mali<\/option><option value=\"MT\">Malta<\/option><option value=\"MH\">Marshalleilanden<\/option><option value=\"MQ\">Martinique<\/option><option value=\"MR\">Mauritani\u00eb<\/option><option value=\"MU\">Mauritius<\/option><option value=\"YT\">Mayotte<\/option><option value=\"MX\">Mexico<\/option><option value=\"FM\">Micronesia<\/option><option value=\"MD\">Moldavi\u00eb<\/option><option value=\"MC\">Monaco<\/option><option value=\"MN\">Mongoli\u00eb<\/option><option value=\"ME\">Montenegro<\/option><option value=\"MS\">Montserrat<\/option><option value=\"MA\">Marokko<\/option><option value=\"MZ\">Mozambique<\/option><option value=\"MM\">Myanmar<\/option><option value=\"NA\">Namibi\u00eb<\/option><option value=\"NR\">Nauru<\/option><option value=\"NP\">Nepal<\/option><option value=\"NL\">Nederland<\/option><option value=\"NC\">Nieuw Caledoni\u00eb<\/option><option value=\"NZ\">Nieuw Zeeland<\/option><option value=\"NI\">Nicaragua<\/option><option value=\"NE\">Niger<\/option><option value=\"NG\">Nigeria<\/option><option value=\"NU\">Niue<\/option><option value=\"NF\">Norfolk Eiland<\/option><option value=\"KP\">Noord Korea<\/option><option value=\"MP\">Noordelijke Marianen<\/option><option value=\"NO\">Noorwegen<\/option><option value=\"OM\">Oman<\/option><option value=\"PK\">Pakistan<\/option><option value=\"PW\">Palau<\/option><option value=\"PS\">Palestijnse Gebieden<\/option><option value=\"PA\">Panama<\/option><option value=\"PG\">Papoea Nieuw Guinea<\/option><option value=\"PY\">Paraguay<\/option><option value=\"PE\">Peru<\/option><option value=\"PH\">Filipijnen<\/option><option value=\"PN\">Pitcairn<\/option><option value=\"PL\">Polen<\/option><option value=\"PT\">Portugal<\/option><option value=\"PR\">Puerto Rico<\/option><option value=\"QA\">Qatar<\/option><option value=\"CG\">Republiek Congo<\/option><option value=\"RE\">Reunion<\/option><option value=\"RO\">Roemeni\u00eb<\/option><option value=\"RU\">Rusland<\/option><option value=\"RW\">Rwanda<\/option><option value=\"BL\">Saint Barthelemy<\/option><option value=\"SH\">Sint Helena<\/option><option value=\"KN\">Saint Kitts en Nevis<\/option><option value=\"LC\">Saint Lucia<\/option><option value=\"MF\">Sint Maarten<\/option><option value=\"PM\">Saint Pierre en Miquelon<\/option><option value=\"VC\">Saint Vincent en de Grenadines<\/option><option value=\"WS\">Samoa<\/option><option value=\"SM\">San Marino<\/option><option value=\"ST\">Sao Tom\u00e9 en Principe<\/option><option value=\"SA\">Saoedi-Arabi\u00eb<\/option><option value=\"SN\">Senegal<\/option><option value=\"RS\">Servi\u00eb<\/option><option value=\"SC\">Seychellen<\/option><option value=\"SL\">Sierra Leone<\/option><option value=\"SG\">Singapore<\/option><option value=\"SX\">Sint Maarten<\/option><option value=\"SK\">Slowakije<\/option><option value=\"SI\">Sloveni\u00eb<\/option><option value=\"SB\">Salomonseilanden<\/option><option value=\"SO\">Somali\u00eb<\/option><option value=\"ZA\">Zuid Afrika<\/option><option value=\"GS\">Zuid Georgia en de Zuidelijke Sandwicheilanden<\/option><option value=\"KR\">Zuid Korea<\/option><option value=\"SS\">Zuid Soedan<\/option><option value=\"ES\">Spanje<\/option><option value=\"LK\">Sri Lanka<\/option><option value=\"SD\">Soedan<\/option><option value=\"SR\">Suriname<\/option><option value=\"SJ\">Spitsbergen en Jan Mayen<\/option><option value=\"SZ\">Swaziland<\/option><option value=\"SE\">Zweden<\/option><option value=\"CH\">Zwitserland<\/option><option value=\"SY\">Syri\u00eb<\/option><option value=\"TW\">Taiwan<\/option><option value=\"TJ\">Tajikistan<\/option><option value=\"TZ\">Tanzania<\/option><option value=\"TH\">Thailand<\/option><option value=\"TG\">Togo<\/option><option value=\"TK\">Tokelau<\/option><option value=\"TO\">Tonga<\/option><option value=\"TT\">Trinidad en Tobago<\/option><option value=\"TN\">Tunesi\u00eb<\/option><option value=\"TR\">Turkije<\/option><option value=\"TM\">Turkmenistan<\/option><option value=\"TC\">Turks- en Caicoseilanden<\/option><option value=\"TV\">Tuvalu<\/option><option value=\"VI\">Amerikaanse Maagdeneilanden<\/option><option value=\"UG\">Oeganda<\/option><option value=\"UA\">Oekra\u00efne<\/option><option value=\"AE\">Verenigde Arabische Emiraten<\/option><option value=\"GB\" selected>Verenigd Koninkrijk<\/option><option value=\"US\">Verenigde Staten<\/option><option value=\"UM\">Kleine afgelegen eilanden van de Verenigde Staten<\/option><option value=\"UY\">Uruguay<\/option><option value=\"UZ\">Oezbekistan<\/option><option value=\"VU\">Vanuatu<\/option><option value=\"VA\">Vaticaanstad<\/option><option value=\"VE\">Venezuela<\/option><option value=\"VN\">Vietnam<\/option><option value=\"WF\">Wallis en Futuna<\/option><option value=\"EH\">Westelijke Sahara<\/option><option value=\"YE\">Yemen<\/option><option value=\"ZM\">Zambia<\/option><option value=\"ZW\">Zimbabwe<\/option>\n\t\t\t\t<\/select><\/li><li class=\"wppb-form-field wppb-input\" id=\"wppb-form-element-18\">\n\t\t\t\t<label for=\"practice_number\">Accountnummer praktijk<\/label>\n\t\t\t\t<input class=\"extra_field_input \" name=\"practice_number\" maxlength=\"250\" type=\"text\" id=\"practice_number\" value=\"\" \/><\/li><li class=\"wppb-form-field wppb-default-password\" id=\"wppb-form-element-12\">\n\t\t\t<label for=\"passw1\">Wachtwoord<span class=\"wppb-required\" title=\"Dit veld is vereist\">*<\/span><\/label>\n            <span class=\"wppb-password-field-container\">\n\t\t\t    <input class=\"text-input \" name=\"passw1\" maxlength=\"70\" type=\"password\" id=\"passw1\" value=\"\" autocomplete=\"off\" \/>\n\t\t\t     <!-- add the HTML for the visibility toggle -->\n\t\t\t<\/span><span class=\"wppb-description-delimiter\"> <\/span><\/li><li class=\"wppb-form-field wppb-default-repeat-password\" id=\"wppb-form-element-31\">\n\t\t\t<label for=\"passw2\">Wachtwoord herhalen<span class=\"wppb-required\" title=\"Dit veld is vereist\">*<\/span><\/label>\n\t\t\t<span class=\"wppb-password-field-container\">\n\t\t\t    <input class=\"text-input \" name=\"passw2\" maxlength=\"70\" type=\"password\" id=\"passw2\" value=\"\" autocomplete=\"off\" \/>\n\t\t\t     <!-- add the HTML for the visibility toggle -->\n\t\t\t<\/span><\/li><li class=\"wppb-form-field wppb-heading\" id=\"wppb-form-element-20\"><h4 class=\"extra_field_heading\">Communicatievoorkeuren<\/h4><span class=\"wppb-description-delimiter\"><\/span><\/li><li class=\"wppb-form-field wppb-heading\" id=\"wppb-form-element-34\"><h6 class=\"extra_field_heading\"><\/h6><span class=\"wppb-description-delimiter\">Op basis van uw onderstaande toestemming verwerkt \"\"bausch+lomb\"\" uw persoonsgegevens voor het verzenden - via uw e-mailadres of een andere vorm van elektronische communicatie - van marketinginformatie, gepersonaliseerd marketingmateriaal met betrekking tot producten en diensten, andere algemene marketingcommunicatie, aankondigingen en nieuwsbrieven, met als doel informatie te delen en onze professionele relatie te ontwikkelen en te beheren. \nUw toestemming is geheel vrijwillig en u bent niet verplicht om toestemming te geven. als u toestemming geeft, kunt u zich later op elk gewenst moment afmelden voor het ontvangen van marketingcommunicatie van ons door uw voorkeuren in uw profiel bij te werken.<strong><a href=\"\/nl\/hcp-privacy-notice\"> bekijk de privacyverklaring voor hcps.<\/a><\/strong><\/span><\/li><li class=\"wppb-form-field wppb-checkbox marketing-consent-field\" id=\"wppb-form-element-32\">\n\t\t\t\t<label for=\"communication_prefs_bl_updates\"><\/label><ul class=\"wppb-checkboxes\"><li class=\"wppb-hidden\"><input type=\"hidden\" value=\"\" name=\"communication_prefs_bl_updates\"><\/li><li><input value=\"yes\" class=\"custom_field_checkbox\" name=\"communication_prefs_bl_updates[]\" id=\"yes_32\" type=\"checkbox\"   \/><label for=\"yes_32\" class=\"wppb-rc-value\">Hierbij geef ik toestemming om mijn persoonlijke gegevens te verzamelen en te gebruiken voor marketingcommunicatie.<\/label><\/li><\/ul><\/li><li class=\"wppb-1website-url\" id=\"wppb-form-element-36\">\n            <label for=\"1_website_url1\" style=\"position: absolute; left: -9999px;\">Honeypot<\/label>\n            <input class=\"\" name=\"1_website_url1\" maxlength=\"250\" type=\"text\" id=\"1_website_url\" tabindex=\"-1\" autocomplete=\"nope\" style=\"position: absolute; left: -9999px;\" value=\"\" \/><\/li><\/ul><ul><\/ul>\t\t\t<p class=\"form-submit\"  >\n\t\t\t\t                \t\t\t\t<input name=\"register\" type=\"submit\" id=\"register\" class=\"submit button\" value=\"Registreren\" \/>\n                <input name=\"redirect_to\" type=\"hidden\" value=\"\" \/>\n                \t\t\t\t<input name=\"action\" type=\"hidden\" id=\"action\" value=\"register\" \/>\n\t\t\t\t<input name=\"form_name\" type=\"hidden\" id=\"form_name\" value=\"reg-form\" \/>\n\t\t\t\t<input name=\"form_id\" type=\"hidden\" id=\"form_id\" value=\"19\" \/>\n\t\t\t\t<input type=\"hidden\" name=\"wppb_referer_url\" value=\"\"\/>\t\t\t<\/p><!-- .form-submit -->\n\t\t\t<input type=\"hidden\" id=\"register_reg-form_nonce_field\" name=\"register_reg-form_nonce_field\" value=\"1a8f991ab1\" \/><input type=\"hidden\" name=\"_wp_http_referer\" value=\"\/nl\/wp-json\/wp\/v2\/pages\/16\" \/>\t\t<\/form>\n\t\t\n\n<\/div><\/div><\/div><\/div><\/div>\n","protected":false},"excerpt":{"rendered":"<p>Word lid van de Academy of Vision Care Voornaam* Achternaam* E-mail* Beroep* GEEN GESELECTEERDOptometristApotheekhoudende opticienContactlens opticienOogartsStudentWinkelmedewerkerPraktijkmanagementAndere professional in de oogzorg Professioneel nummer Naam van de praktijk* Land* Selecteer een landAfghanistanAland EilandenAlbani\u00ebAlgerijeAmerikaans SamoaAndorraAngolaAnguillaAntarcticaAntigua en BarbudaArgentini\u00ebArmeni\u00ebArubaAustrali\u00ebOostenrijkAzerbeidzjanBahamasBahrainBangladeshBarbadosWit-RuslandBelgi\u00ebBelizeBeninBermudaBhutanBoliviaBonaire, Sint Eustatius en SabaBosnie en HerzegovinaBotswanaBouvet EilandBrazili\u00ebBrits Indische OceaanterritoriumBritse MaagdeneilandenBruneiBulgarijeBurkina FasoBurundiCambodjaKameroenCanadaKaapverdi\u00ebKaaimaneilandenCentraal Afrikaanse RepubliekTsjaadChiliChinaKersteilandCocoseilandenColombiaComorenCookeilandenCosta RicaKroati\u00ebCubaCuracaoCyprusTsjechi\u00ebDemocratische Republiek CongoDenemarkenDjiboutiDominicaDominicaanse RepubliekOost TimorEcuadorEgypteEl SalvadorEquatoriaal GuineaEritreaEstlandEthiopi\u00ebFalklandeilandenFaer\u00f6erFijiFinlandFrankrijkFrans GuyanaFrans Polynesi\u00ebFranse Zuidelijke GebiedenGabonGambiaGeorgi\u00ebDuitslandGhanaGibraltarGriekenlandGroenlandGrenadaGuadeloupeGuamGuatemalaGuernseyGuineaGuinea-BissauGuyanaHaitiHeard en McDonaldeilandenHondurasHong &#8230;<\/p>\n","protected":false},"author":3,"featured_media":3044,"parent":0,"menu_order":0,"comment_status":"closed","ping_status":"closed","template":"","meta":{"_acf_changed":false,"inline_featured_image":false,"_themeisle_gutenberg_block_has_review":false,"footnotes":""},"class_list":["post-16","page","type-page","status-publish","has-post-thumbnail","hentry"],"acf":[],"_links":{"self":[{"href":"https:\/\/academyofvisioncare.com\/nl\/wp-json\/wp\/v2\/pages\/16","targetHints":{"allow":["GET"]}}],"collection":[{"href":"https:\/\/academyofvisioncare.com\/nl\/wp-json\/wp\/v2\/pages"}],"about":[{"href":"https:\/\/academyofvisioncare.com\/nl\/wp-json\/wp\/v2\/types\/page"}],"author":[{"embeddable":true,"href":"https:\/\/academyofvisioncare.com\/nl\/wp-json\/wp\/v2\/users\/3"}],"replies":[{"embeddable":true,"href":"https:\/\/academyofvisioncare.com\/nl\/wp-json\/wp\/v2\/comments?post=16"}],"version-history":[{"count":20,"href":"https:\/\/academyofvisioncare.com\/nl\/wp-json\/wp\/v2\/pages\/16\/revisions"}],"predecessor-version":[{"id":3087,"href":"https:\/\/academyofvisioncare.com\/nl\/wp-json\/wp\/v2\/pages\/16\/revisions\/3087"}],"wp:featuredmedia":[{"embeddable":true,"href":"https:\/\/academyofvisioncare.com\/nl\/wp-json\/wp\/v2\/media\/3044"}],"wp:attachment":[{"href":"https:\/\/academyofvisioncare.com\/nl\/wp-json\/wp\/v2\/media?parent=16"}],"curies":[{"name":"wp","href":"https:\/\/api.w.org\/{rel}","templated":true}]}}